{"id":56,"date":"2014-09-17T16:03:36","date_gmt":"2014-09-17T16:03:36","guid":{"rendered":"http:\/\/localhost:8080\/?page_id=56"},"modified":"2026-03-18T15:14:14","modified_gmt":"2026-03-18T12:14:14","slug":"yhteystiedot","status":"publish","type":"page","link":"https:\/\/www.lapinlahdenlukio.fi\/WP\/?page_id=56","title":{"rendered":"Yhteystiedot"},"content":{"rendered":"\nLapinlahden Lukio ja Kuvataidelukio<br>\nKivist\u00f6ntie 2<br>\n73100 Lapinlahti<br>\nlapinlahden.lukio<img decoding=\"async\" src=\"https:\/\/www.lapinlahdenlukio.fi\/WP\/wp-content\/uploads\/2022\/11\/at.jpg\" alt=\"\u00e4t-merkki\" style=\"vertical-align: middle;\">lapinlahti.fi<br>\n<a href=\"https:\/\/www.lapinlahdenlukio.fi\">https:\/\/www.lapinlahdenlukio.fi<\/a><br>\n\n\n<div class=\"wp-block-image\">\n<figure class=\"alignright size-large is-resized\"><a href=\"https:\/\/www.lapinlahdenlukio.fi\/WP\/wp-content\/uploads\/2026\/01\/LL_logo_color_300ppi-1-1.png\"><img loading=\"lazy\" decoding=\"async\" width=\"1024\" height=\"394\" src=\"https:\/\/www.lapinlahdenlukio.fi\/WP\/wp-content\/uploads\/2026\/01\/LL_logo_color_300ppi-1-1-1024x394.png\" alt=\"\" class=\"wp-image-4457\" style=\"width:435px;height:auto\" srcset=\"https:\/\/www.lapinlahdenlukio.fi\/WP\/wp-content\/uploads\/2026\/01\/LL_logo_color_300ppi-1-1-1024x394.png 1024w, https:\/\/www.lapinlahdenlukio.fi\/WP\/wp-content\/uploads\/2026\/01\/LL_logo_color_300ppi-1-1-300x115.png 300w, https:\/\/www.lapinlahdenlukio.fi\/WP\/wp-content\/uploads\/2026\/01\/LL_logo_color_300ppi-1-1-768x295.png 768w, https:\/\/www.lapinlahdenlukio.fi\/WP\/wp-content\/uploads\/2026\/01\/LL_logo_color_300ppi-1-1-1536x591.png 1536w, https:\/\/www.lapinlahdenlukio.fi\/WP\/wp-content\/uploads\/2026\/01\/LL_logo_color_300ppi-1-1-2048x788.png 2048w, https:\/\/www.lapinlahdenlukio.fi\/WP\/wp-content\/uploads\/2026\/01\/LL_logo_color_300ppi-1-1-18x7.png 18w, https:\/\/www.lapinlahdenlukio.fi\/WP\/wp-content\/uploads\/2026\/01\/LL_logo_color_300ppi-1-1-2000x769.png 2000w\" sizes=\"auto, (max-width: 1024px) 100vw, 1024px\" \/><\/a><\/figure><\/div>\n\n\n<p id=\"rehtori\"><strong>Rehtori<\/strong><br>Sinikka Kervinen<br>040 488 3221<br>@lapinlahti.fi<\/p>\n\n\n\n<p id=\"opintosihteeri\"><strong>Opintosihteeri<\/strong><br>Mira Tikkanen ja Ville Kumpulainen<br>040 488 3252<br>opintosihteeri.lukio(a)lapinlahti.fi<\/p>\n\n\n\n<p id=\"opo\"><strong>Opinto-ohjaaja<\/strong><br>Riitta Winberg (lukioon hakeminen, opintojen suunnittelu, ongelmat opinnoissa, jatko-opinnot)<br>riitta.winberg(a)opedu.lapinlahti.fi<br>040 488 3241<\/p>\n\n\n\n<p id=\"mahisopo\"><strong>MAHIS opinto-ohjaaja <\/strong>(yhdistelm\u00e4tutkinto-opiskelijoiden opintojen suunnittelu)<br>Jenna Heikkinen(a)ysao.fi<br>040 485 5885<br><\/p>\n\n\n\n<p id=\"terveydenhoitaja\"><strong>Terveydenhoitaja<\/strong><br>Laura Kauppinen @pshyvinvointialue.fi<br>040 488 3331<\/p>\n\n\n\n<p id=\"koulukuraattori\"><strong>Koulukuraattori<\/strong><br>Anniina K\u00e4rkk\u00e4inen<br>anniina.karkkainen(a)pshyvinvointialue.fi<br>040 516 3076<\/p>\n\n\n\n<p id=\"koulukuraattori\"><br><strong>Koulupsykologi<\/strong><br>Leea Myllyaho<br>ilta.myllyaho(a)pshyvinvointialue.fi <br>044 4611149<\/p>\n\n\n\n<p id=\"koulukuraattori\"><\/p>\n\n\n\n<p id=\"opettajat\"><strong>Opettajat<\/strong><\/p>\n\n\n\n<p>Opettajien s\u00e4hk\u00f6postiosoitteet ovat muotoa etunimi.sukunimi@opedu.lapinlahti.fi.&nbsp; Poikkeukset mainittu listassa.<\/p>\n\n\n\n<figure class=\"wp-block-table\"><table><tbody><tr><td><strong>\u00c4idinkieli ja kirjallisuus<\/strong><\/td><\/tr><tr><td>Erkinvalli Pirkko<br>puh. 040 488 3136<\/td><td>suomen kieli ja kirjallisuus<\/td><\/tr><tr><td>T\u00f6rnqvist-Nevalainen Tiina sijaisena Venla Jaakkonen<br>puh. 040 488 3122<\/td><td>suomen kieli ja kirjallisuus<\/td><\/tr><tr><td>&nbsp;<\/td><td>&nbsp;<\/td><\/tr><tr><td><strong>Vieraat kielet<\/strong><\/td><\/tr><tr><td>Martikainen Outi<br>puh. 040 488 3243<\/td><td>englanti, saksa, ruotsi<\/td><\/tr><tr><td>Kolehmainen Satu<br>puh. 040 488 3244<\/td><td>englanti, espanja, ranska<\/td><\/tr><tr><td>Turunen Miia sijaisena Kristiina Kilpel\u00e4inen <br>puh. 040 488 3245<\/td><td>englanti, ruotsi<\/td><\/tr><tr><td>&nbsp;<\/td><td>&nbsp;<\/td><\/tr><tr><td><strong>Humanistiset ja yhteiskunnalliset aineet<\/strong><\/td><\/tr><tr><td>Gr\u00f6nholm Henry<br>puh. 040 488 3134<\/td><td>uskonto<\/td><\/tr><tr><td>Pasanen Hanna Mari,&nbsp; <br>puh. 040 488 3214<br>hanna.pasanen@&#8230;<\/td><td>historia, yhteiskuntaoppi<\/td><\/tr><tr><td>Korolainen Elisa<br>puh. 040 488 3287<\/td><td>uskonto, psykologia, filosofia, el\u00e4m\u00e4nkatsomustieto<\/td><\/tr><tr><td>&nbsp;<\/td><td>&nbsp;<\/td><\/tr><tr><td><strong>Matemaattis-luonnontieteelliset aineet<\/strong><\/td><\/tr><tr><td>H\u00e4m\u00e4l\u00e4inen Esa<br>puh. 040 488 3282<\/td><td>biologia, maantiede, terveystieto<\/td><\/tr><tr><td>Kinnunen Heikki<br>puh. 040 488 3284<\/td><td>fysiikka, kemia, matematiikka<\/td><\/tr><tr><td>Partanen Miia <br>puh. 040 488 3217<\/td><td>fysiikka, kemia, matematiikka<\/td><\/tr><tr><td>Salmela Risto<br>puh. 040 488 3242<\/td><td>fysiikka, kemia, matematiikka<\/td><\/tr><tr><td>&nbsp;<\/td><td>&nbsp;<\/td><\/tr><tr><td><strong>Kuvataideaineet<\/strong><\/td><\/tr><tr><td>H\u00e4m\u00e4l\u00e4inen Titta<br>puh. 040 488 3248<\/td><td>kuvataiteet<\/td><\/tr><tr><td>Karttunen Sari<br>puh. 040 488 3111<\/td><td>kuvataiteet<\/td><\/tr><tr><td>Tikkanen Petteri<mark style=\"background-color:rgba(0, 0, 0, 0)\" class=\"has-inline-color has-medium-gray-color\"><br>yhteystiedot kanslian kautta<\/mark><\/td><td>kuvitus, tuntiopettaja<\/td><\/tr><tr><td>Kirsti Ruotoistenm\u00e4ki<br>yhteystiedot kanslian kautta<\/td><td><mark style=\"background-color:rgba(0, 0, 0, 0)\" class=\"has-inline-color has-medium-gray-color\">keramiikka, tuntiopettaja<\/mark><\/td><\/tr><tr><td>Martikainen Eeva<br>yhteystiedot kanslian kautta<\/td><td>taidehistoria, tuntiopettaja<\/td><\/tr><tr><td>&nbsp;<\/td><td>&nbsp;<\/td><\/tr><tr><td><strong>Taitoaineet<\/strong><\/td><\/tr><tr><td>Kerkola Jenny<br>puh. 040 488 3186<\/td><td>liikunta<\/td><\/tr><tr><td>Riekkinen Eeva<br>puh. 040 488 3165<\/td><td>musiikki, ilmaisutaito<\/td><\/tr><tr><td>Valkonen Annukka<br>puh. 040 488 3187<\/td><td>liikunta<\/td><\/tr><\/tbody><\/table><\/figure>\n\n\n\n<p><a href=\"https:\/\/app.easywhistle.com\/report\/lapinlahti\/about\">Lapinlahden kunnan Whistleblower-palvelu<\/a><\/p>\n","protected":false},"excerpt":{"rendered":"<p>Lapinlahden Lukio ja Kuvataidelukio Kivist\u00f6ntie 2 73100 Lapinlahti lapinlahden.lukiolapinlahti.fi https:\/\/www.lapinlahdenlukio.fi RehtoriSinikka Kervinen040 488 3221@lapinlahti.fi OpintosihteeriMira Tikkanen ja Ville Kumpulainen040 488 3252opintosihteeri.lukio(a)lapinlahti.fi Opinto-ohjaajaRiitta Winberg (lukioon hakeminen, opintojen suunnittelu, ongelmat opinnoissa, jatko-opinnot)riitta.winberg(a)opedu.lapinlahti.fi040 488 3241 MAHIS opinto-ohjaaja (yhdistelm\u00e4tutkinto-opiskelijoiden opintojen suunnittelu)Jenna Heikkinen(a)ysao.fi040 485 5885 TerveydenhoitajaLaura Kauppinen @pshyvinvointialue.fi040 488 3331 KoulukuraattoriAnniina K\u00e4rkk\u00e4inenanniina.karkkainen(a)pshyvinvointialue.fi040 516 3076 KoulupsykologiLeea Myllyahoilta.myllyaho(a)pshyvinvointialue.fi 044 4611149 Opettajat Opettajien &hellip; <\/p>\n<p class=\"link-more\"><a href=\"https:\/\/www.lapinlahdenlukio.fi\/WP\/?page_id=56\" class=\"more-link\">Read more<span class=\"screen-reader-text\"> &#8220;Yhteystiedot&#8221;<\/span><\/a><\/p>\n","protected":false},"author":13,"featured_media":0,"parent":0,"menu_order":800,"comment_status":"closed","ping_status":"closed","template":"","meta":{"footnotes":""},"class_list":["post-56","page","type-page","status-publish","hentry"],"_links":{"self":[{"href":"https:\/\/www.lapinlahdenlukio.fi\/WP\/index.php?rest_route=\/wp\/v2\/pages\/56","targetHints":{"allow":["GET"]}}],"collection":[{"href":"https:\/\/www.lapinlahdenlukio.fi\/WP\/index.php?rest_route=\/wp\/v2\/pages"}],"about":[{"href":"https:\/\/www.lapinlahdenlukio.fi\/WP\/index.php?rest_route=\/wp\/v2\/types\/page"}],"author":[{"embeddable":true,"href":"https:\/\/www.lapinlahdenlukio.fi\/WP\/index.php?rest_route=\/wp\/v2\/users\/13"}],"replies":[{"embeddable":true,"href":"https:\/\/www.lapinlahdenlukio.fi\/WP\/index.php?rest_route=%2Fwp%2Fv2%2Fcomments&post=56"}],"version-history":[{"count":152,"href":"https:\/\/www.lapinlahdenlukio.fi\/WP\/index.php?rest_route=\/wp\/v2\/pages\/56\/revisions"}],"predecessor-version":[{"id":4486,"href":"https:\/\/www.lapinlahdenlukio.fi\/WP\/index.php?rest_route=\/wp\/v2\/pages\/56\/revisions\/4486"}],"wp:attachment":[{"href":"https:\/\/www.lapinlahdenlukio.fi\/WP\/index.php?rest_route=%2Fwp%2Fv2%2Fmedia&parent=56"}],"curies":[{"name":"wp","href":"https:\/\/api.w.org\/{rel}","templated":true}]}}