{"id":52,"date":"2014-09-17T16:03:15","date_gmt":"2014-09-17T16:03:15","guid":{"rendered":"http:\/\/localhost:8080\/?page_id=52"},"modified":"2023-09-19T12:40:29","modified_gmt":"2023-09-19T09:40:29","slug":"opinnot","status":"publish","type":"page","link":"https:\/\/www.lapinlahdenlukio.fi\/WP\/?page_id=52","title":{"rendered":"Opiskelusta"},"content":{"rendered":"<p>Opiskelija voi suorittaa lukio-opinnot 2 &#8211; 4 vuoden aikana. Opiskelijat valitsevat itse ne opinnot, joita haluavat lukuvuoden aikana opiskella. Suorittaakseen lukion oppim\u00e4\u00e4r\u00e4n opiskelija suorittaa v\u00e4hint\u00e4\u00e4n 150 opintopistett\u00e4, joista valtakunnallisia valinnaisia opintojaksoja on 20 opintopistett\u00e4.<\/p>\n<p><strong>MAHIS &#8211; mahdollisuus kaksoistutkintoon<\/strong><\/p>\n<p>Lapinlahden Lukio ja Kuvataidelukion opiskelijana\u00a0voit suorittaa lukion sek\u00e4 ammatillisen tutkinnon nelj\u00e4ss\u00e4 vuodessa.\u00a0Lis\u00e4tietoja linkist\u00e4\u00a0<b><a href=\"http:\/\/www.mahis.fi\/\" target=\"_blank\" rel=\"noopener\">www.mahis.fi<\/a><\/b><\/p>\n","protected":false},"excerpt":{"rendered":"<p>Opiskelija voi suorittaa lukio-opinnot 2 &#8211; 4 vuoden aikana. Opiskelijat valitsevat itse ne opinnot, joita haluavat lukuvuoden aikana opiskella. Suorittaakseen lukion oppim\u00e4\u00e4r\u00e4n opiskelija suorittaa v\u00e4hint\u00e4\u00e4n 150 opintopistett\u00e4, joista valtakunnallisia valinnaisia opintojaksoja on 20 opintopistett\u00e4. MAHIS &#8211; mahdollisuus kaksoistutkintoon Lapinlahden Lukio ja Kuvataidelukion opiskelijana\u00a0voit suorittaa lukion sek\u00e4 ammatillisen tutkinnon nelj\u00e4ss\u00e4 vuodessa.\u00a0Lis\u00e4tietoja linkist\u00e4\u00a0www.mahis.fi<\/p>\n","protected":false},"author":13,"featured_media":0,"parent":0,"menu_order":600,"comment_status":"closed","ping_status":"closed","template":"","meta":{"footnotes":""},"class_list":["post-52","page","type-page","status-publish","hentry"],"_links":{"self":[{"href":"https:\/\/www.lapinlahdenlukio.fi\/WP\/index.php?rest_route=\/wp\/v2\/pages\/52","targetHints":{"allow":["GET"]}}],"collection":[{"href":"https:\/\/www.lapinlahdenlukio.fi\/WP\/index.php?rest_route=\/wp\/v2\/pages"}],"about":[{"href":"https:\/\/www.lapinlahdenlukio.fi\/WP\/index.php?rest_route=\/wp\/v2\/types\/page"}],"author":[{"embeddable":true,"href":"https:\/\/www.lapinlahdenlukio.fi\/WP\/index.php?rest_route=\/wp\/v2\/users\/13"}],"replies":[{"embeddable":true,"href":"https:\/\/www.lapinlahdenlukio.fi\/WP\/index.php?rest_route=%2Fwp%2Fv2%2Fcomments&post=52"}],"version-history":[{"count":72,"href":"https:\/\/www.lapinlahdenlukio.fi\/WP\/index.php?rest_route=\/wp\/v2\/pages\/52\/revisions"}],"predecessor-version":[{"id":3885,"href":"https:\/\/www.lapinlahdenlukio.fi\/WP\/index.php?rest_route=\/wp\/v2\/pages\/52\/revisions\/3885"}],"wp:attachment":[{"href":"https:\/\/www.lapinlahdenlukio.fi\/WP\/index.php?rest_route=%2Fwp%2Fv2%2Fmedia&parent=52"}],"curies":[{"name":"wp","href":"https:\/\/api.w.org\/{rel}","templated":true}]}}