{"id":50,"date":"2014-09-17T16:03:05","date_gmt":"2014-09-17T16:03:05","guid":{"rendered":"http:\/\/localhost:8080\/?page_id=50"},"modified":"2025-10-24T14:39:08","modified_gmt":"2025-10-24T11:39:08","slug":"erityispiirteita","status":"publish","type":"page","link":"https:\/\/www.lapinlahdenlukio.fi\/WP\/?page_id=50","title":{"rendered":"Kuvataidelukio"},"content":{"rendered":"\n<p>Kuvataiteen erikoislukio on toiminut Lapinlahdella syksyst\u00e4 1987 alkaen. Taideopiskelijoita on noin puolet 150 lukio-opiskelijasta. He tulevat lukioomme eri puolilta Suomea.<\/p>\n\n\n\n<p>Kuvataideopinnot antavat opiskelijalle laajan kuvataiteellisen yleissivistyksen. Taiteen opiskelu antaa valmiuksia alan valintakokeisiin ja jatko-opintoihin. Opiskelijaa ohjataan kriittiseen, rohkeaan, vastuulliseen sek\u00e4 itsen\u00e4iseen ajatteluun ja ty\u00f6skentelyyn.<\/p>\n\n\n\n<p>Teemme yhteisty\u00f6t\u00e4 Taidemuseo Eemilin, Savonlinnan taidelukion, Lapinlahden kansalaisopiston sek\u00e4 Arkkitehtuuri- ja ymp\u00e4rist\u00f6kulttuurikoulu Lastun kanssa. Vapaa-ajan urheiluvalmennus hyv\u00e4ksyt\u00e4\u00e4n liikunnan valinnaisiksi opinnoiksi.<\/p>\n\n\n\n<p>Lapinlahden Kuvataidelukiolla on k\u00e4yt\u00f6ss\u00e4 oma tuntijako, jossa opiskelija voi korvata 16 opintopistett\u00e4 lukion pakollisista opinnoista kuvataiteen opinnoilla.<\/p>\n\n\n\n<p><\/p>\n\n\n\n<div data-wp-interactive=\"core\/file\" class=\"wp-block-file\"><object data-wp-bind--hidden=\"!state.hasPdfPreview\" hidden class=\"wp-block-file__embed\" data=\"https:\/\/www.lapinlahdenlukio.fi\/WP\/wp-content\/uploads\/2025\/10\/pp-esitys25-26.pdf\" type=\"application\/pdf\" style=\"width:100%;height:600px\" aria-label=\"Tiedoston pp-esitys25-26 upotus.\"><\/object><a id=\"wp-block-file--media-05907333-a487-4d7b-8a26-114dcd10190e\" href=\"https:\/\/www.lapinlahdenlukio.fi\/WP\/wp-content\/uploads\/2025\/10\/pp-esitys25-26.pdf\">pp-esitys25-26<\/a><a href=\"https:\/\/www.lapinlahdenlukio.fi\/WP\/wp-content\/uploads\/2025\/10\/pp-esitys25-26.pdf\" class=\"wp-block-file__button wp-element-button\" download aria-describedby=\"wp-block-file--media-05907333-a487-4d7b-8a26-114dcd10190e\">Lataa<\/a><\/div>\n\n\n\n<h2 class=\"wp-block-heading\">Kuvataiteen opintojen sis\u00e4ll\u00f6t<\/h2>\n\n\n\n<ul class=\"wp-block-list\">\n<li><a href=\"https:\/\/www.lapinlahdenlukio.fi\/WP\/?page_id=2973#kut\">Kuvailmaisun perusteet KUT<\/a><\/li>\n\n\n\n<li><a href=\"https:\/\/www.lapinlahdenlukio.fi\/WP\/?page_id=2973#kuva\">Kuvataide KUVA<\/a><\/li>\n\n\n\n<li><a href=\"https:\/\/www.lapinlahdenlukio.fi\/WP\/?page_id=2973#visu\">Visuaalinen viestint\u00e4 VISU<\/a><\/li>\n\n\n\n<li><a href=\"https:\/\/www.lapinlahdenlukio.fi\/WP\/?page_id=2973#muoto\">Muotoilu ja arkkitehtuuri MUOTO<\/a><\/li>\n\n\n\n<li><a href=\"https:\/\/www.lapinlahdenlukio.fi\/WP\/?page_id=2973#pro\">Projektit ja opinn\u00e4ytteet PRO<\/a><\/li>\n<\/ul>\n\n\n\n<figure class=\"wp-block-image size-full\"><a href=\"https:\/\/www.lapinlahdenlukio.fi\/WP\/wp-content\/uploads\/2025\/05\/kuvataidelukion-opintojaksot25-26.jpg\"><img loading=\"lazy\" decoding=\"async\" width=\"960\" height=\"720\" src=\"https:\/\/www.lapinlahdenlukio.fi\/WP\/wp-content\/uploads\/2025\/05\/kuvataidelukion-opintojaksot25-26.jpg\" alt=\"\" class=\"wp-image-4295\" srcset=\"https:\/\/www.lapinlahdenlukio.fi\/WP\/wp-content\/uploads\/2025\/05\/kuvataidelukion-opintojaksot25-26.jpg 960w, https:\/\/www.lapinlahdenlukio.fi\/WP\/wp-content\/uploads\/2025\/05\/kuvataidelukion-opintojaksot25-26-300x225.jpg 300w, https:\/\/www.lapinlahdenlukio.fi\/WP\/wp-content\/uploads\/2025\/05\/kuvataidelukion-opintojaksot25-26-768x576.jpg 768w, https:\/\/www.lapinlahdenlukio.fi\/WP\/wp-content\/uploads\/2025\/05\/kuvataidelukion-opintojaksot25-26-16x12.jpg 16w\" sizes=\"auto, (max-width: 960px) 100vw, 960px\" \/><\/a><\/figure>\n","protected":false},"excerpt":{"rendered":"<p>Kuvataiteen erikoislukio on toiminut Lapinlahdella syksyst\u00e4 1987 alkaen. Taideopiskelijoita on noin puolet 150 lukio-opiskelijasta. He tulevat lukioomme eri puolilta Suomea. Kuvataideopinnot antavat opiskelijalle laajan kuvataiteellisen yleissivistyksen. Taiteen opiskelu antaa valmiuksia alan valintakokeisiin ja jatko-opintoihin. Opiskelijaa ohjataan kriittiseen, rohkeaan, vastuulliseen sek\u00e4 itsen\u00e4iseen ajatteluun ja ty\u00f6skentelyyn. Teemme yhteisty\u00f6t\u00e4 Taidemuseo Eemilin, Savonlinnan taidelukion, Lapinlahden kansalaisopiston sek\u00e4 Arkkitehtuuri- ja &hellip; <\/p>\n<p class=\"link-more\"><a href=\"https:\/\/www.lapinlahdenlukio.fi\/WP\/?page_id=50\" class=\"more-link\">Read more<span class=\"screen-reader-text\"> &#8220;Kuvataidelukio&#8221;<\/span><\/a><\/p>\n","protected":false},"author":13,"featured_media":0,"parent":0,"menu_order":300,"comment_status":"closed","ping_status":"closed","template":"","meta":{"footnotes":""},"class_list":["post-50","page","type-page","status-publish","hentry"],"_links":{"self":[{"href":"https:\/\/www.lapinlahdenlukio.fi\/WP\/index.php?rest_route=\/wp\/v2\/pages\/50","targetHints":{"allow":["GET"]}}],"collection":[{"href":"https:\/\/www.lapinlahdenlukio.fi\/WP\/index.php?rest_route=\/wp\/v2\/pages"}],"about":[{"href":"https:\/\/www.lapinlahdenlukio.fi\/WP\/index.php?rest_route=\/wp\/v2\/types\/page"}],"author":[{"embeddable":true,"href":"https:\/\/www.lapinlahdenlukio.fi\/WP\/index.php?rest_route=\/wp\/v2\/users\/13"}],"replies":[{"embeddable":true,"href":"https:\/\/www.lapinlahdenlukio.fi\/WP\/index.php?rest_route=%2Fwp%2Fv2%2Fcomments&post=50"}],"version-history":[{"count":101,"href":"https:\/\/www.lapinlahdenlukio.fi\/WP\/index.php?rest_route=\/wp\/v2\/pages\/50\/revisions"}],"predecessor-version":[{"id":4391,"href":"https:\/\/www.lapinlahdenlukio.fi\/WP\/index.php?rest_route=\/wp\/v2\/pages\/50\/revisions\/4391"}],"wp:attachment":[{"href":"https:\/\/www.lapinlahdenlukio.fi\/WP\/index.php?rest_route=%2Fwp%2Fv2%2Fmedia&parent=50"}],"curies":[{"name":"wp","href":"https:\/\/api.w.org\/{rel}","templated":true}]}}