{"id":3535,"date":"2022-10-05T14:58:23","date_gmt":"2022-10-05T11:58:23","guid":{"rendered":"https:\/\/www.lapinlahdenlukio.fi\/WP\/?page_id=3535"},"modified":"2026-02-26T14:46:00","modified_gmt":"2026-02-26T11:46:00","slug":"lukion-esittely","status":"publish","type":"page","link":"https:\/\/www.lapinlahdenlukio.fi\/WP\/?page_id=3535","title":{"rendered":"Lukion esittely"},"content":{"rendered":"\n<p class=\"has-text-align-center\">Alasivuilta l\u00f6ytyy tietoa:<br><br><a href=\"https:\/\/www.lapinlahdenlukio.fi\/WP\/?page_id=2381\" data-type=\"link\" data-id=\"https:\/\/www.lapinlahdenlukio.fi\/WP\/?page_id=2381\" target=\"_blank\" rel=\"noreferrer noopener\">Yleislukiosta<\/a><br><a href=\"https:\/\/www.lapinlahdenlukio.fi\/WP\/?page_id=50\" data-type=\"link\" data-id=\"https:\/\/www.lapinlahdenlukio.fi\/WP\/?page_id=50\" target=\"_blank\" rel=\"noreferrer noopener\">Kuvataidelinjasta<\/a><br><a href=\"https:\/\/www.lapinlahdenlukio.fi\/WP\/?page_id=125\" data-type=\"link\" data-id=\"https:\/\/www.lapinlahdenlukio.fi\/WP\/?page_id=125\" target=\"_blank\" rel=\"noreferrer noopener\">Urheiluvalmennuksesta ja kaksoistutkinnosta<\/a><br><a href=\"https:\/\/www.lapinlahdenlukio.fi\/WP\/?page_id=4338\" data-type=\"link\" data-id=\"https:\/\/www.lapinlahdenlukio.fi\/WP\/?page_id=4338\" target=\"_blank\" rel=\"noreferrer noopener\">Erasmus+ ja Unesco yhteisty\u00f6st\u00e4<\/a><\/p>\n","protected":false},"excerpt":{"rendered":"<p>Alasivuilta l\u00f6ytyy tietoa: YleislukiostaKuvataidelinjastaUrheiluvalmennuksesta ja kaksoistutkinnostaErasmus+ ja Unesco yhteisty\u00f6st\u00e4<\/p>\n","protected":false},"author":13,"featured_media":0,"parent":0,"menu_order":0,"comment_status":"closed","ping_status":"closed","template":"","meta":{"footnotes":""},"class_list":["post-3535","page","type-page","status-publish","hentry"],"_links":{"self":[{"href":"https:\/\/www.lapinlahdenlukio.fi\/WP\/index.php?rest_route=\/wp\/v2\/pages\/3535","targetHints":{"allow":["GET"]}}],"collection":[{"href":"https:\/\/www.lapinlahdenlukio.fi\/WP\/index.php?rest_route=\/wp\/v2\/pages"}],"about":[{"href":"https:\/\/www.lapinlahdenlukio.fi\/WP\/index.php?rest_route=\/wp\/v2\/types\/page"}],"author":[{"embeddable":true,"href":"https:\/\/www.lapinlahdenlukio.fi\/WP\/index.php?rest_route=\/wp\/v2\/users\/13"}],"replies":[{"embeddable":true,"href":"https:\/\/www.lapinlahdenlukio.fi\/WP\/index.php?rest_route=%2Fwp%2Fv2%2Fcomments&post=3535"}],"version-history":[{"count":5,"href":"https:\/\/www.lapinlahdenlukio.fi\/WP\/index.php?rest_route=\/wp\/v2\/pages\/3535\/revisions"}],"predecessor-version":[{"id":4475,"href":"https:\/\/www.lapinlahdenlukio.fi\/WP\/index.php?rest_route=\/wp\/v2\/pages\/3535\/revisions\/4475"}],"wp:attachment":[{"href":"https:\/\/www.lapinlahdenlukio.fi\/WP\/index.php?rest_route=%2Fwp%2Fv2%2Fmedia&parent=3535"}],"curies":[{"name":"wp","href":"https:\/\/api.w.org\/{rel}","templated":true}]}}