{"id":3502,"date":"2022-10-05T14:11:23","date_gmt":"2022-10-05T11:11:23","guid":{"rendered":"https:\/\/www.lapinlahdenlukio.fi\/WP\/?page_id=3502"},"modified":"2026-03-17T15:57:45","modified_gmt":"2026-03-17T12:57:45","slug":"yleistietoa-hakemisesta","status":"publish","type":"page","link":"https:\/\/www.lapinlahdenlukio.fi\/WP\/?page_id=3502","title":{"rendered":"Yhteishaku ja yleistietoa hakemisesta"},"content":{"rendered":"\n<h3 class=\"wp-block-heading\"><br>Toisen asteen yhteyshaku 17.2.-17.3.2026<\/h3>\n\n\n\n<p>Lapinlahden Lukio ja Kuvataidelukio tarjoaa monipuolisia opiskelumahdollisuuksia niin yleislinjalla kuin kuvataiteen erikoislinjalla. Meill\u00e4 voi suorittaa <a href=\"https:\/\/www.lapinlahdenlukio.fi\/WP\/?page_id=125\" data-type=\"link\" data-id=\"https:\/\/www.lapinlahdenlukio.fi\/WP\/?page_id=125\" target=\"_blank\" rel=\"noreferrer noopener\">kaksoistutkinnon ja urheiluvalmennuksen <\/a>opintojaksoja.<br><br>J\u00e4rjest\u00e4mme illan lukioon valituille tiistaina 16.6.2026 klo 17 lukiolla.<br><br><\/p>\n\n\n\n<h3 class=\"wp-block-heading\">Ohjeita kuvataidelinjan hakukirjeen ja ainevalintojen tekemiseen:<\/h3>\n\n\n\n<figure class=\"wp-block-embed is-type-video is-provider-youtube wp-block-embed-youtube wp-embed-aspect-16-9 wp-has-aspect-ratio\"><div class=\"wp-block-embed__wrapper\">\n<iframe loading=\"lazy\" title=\"Hakukirje ja ainevalinnat kuvataidelinjalle toisen asteen yhteishaku 2026\" width=\"950\" height=\"534\" src=\"https:\/\/www.youtube.com\/embed\/yZZkGoJIYFY?feature=oembed\" frameborder=\"0\" allow=\"accelerometer; autoplay; clipboard-write; encrypted-media; gyroscope; picture-in-picture; web-share\" referrerpolicy=\"strict-origin-when-cross-origin\" allowfullscreen><\/iframe>\n<\/div><\/figure>\n\n\n\n<h3 class=\"wp-block-heading\">Kuvataidelinjan esittely<\/h3>\n\n\n\n<figure class=\"wp-block-embed is-type-video is-provider-youtube wp-block-embed-youtube wp-embed-aspect-16-9 wp-has-aspect-ratio\"><div class=\"wp-block-embed__wrapper\">\n<iframe loading=\"lazy\" title=\"Kuvataidelinjan esittely\" width=\"950\" height=\"534\" src=\"https:\/\/www.youtube.com\/embed\/y9Se6oty9fw?feature=oembed\" frameborder=\"0\" allow=\"accelerometer; autoplay; clipboard-write; encrypted-media; gyroscope; picture-in-picture; web-share\" referrerpolicy=\"strict-origin-when-cross-origin\" allowfullscreen><\/iframe>\n<\/div><\/figure>\n\n\n\n<h3 class=\"wp-block-heading\"><br>Jos haluat tulla vierailulle lukioomme, ota yhteytt\u00e4 Riitta-opinto-ohjaajaan riitta.winberg(a)opedu.lapinlahti.fi.<\/h3>\n\n\n\n<p>Voit k\u00e4yd\u00e4 tutustumassa lukiomme tiloihin etuk\u00e4teen virtuaalikierroksella:<\/p>\n\n\n\n<div style=\"text-align: center;\">\r\n<div id=\"outer_container\" style=\"width: 100%; max-width: 500px; height: 600px; position: absolute; overflow: hidden; display: block;\">\r\n\t<div class=\"\" id=\"container\">\r\n\r\n\t<\/div>\r\n  <\/div>\r\n  <!--\r\n  <p id=\"debug\" style=\"top: 420px; position: relative;\">&nbsp;<\/p>\r\n-->\r\n  <script type=\"text\/javascript\" src=\"https:\/\/lapinlahdenlukio.fi\/panorama\/room.js?ver=0.00912ue\">\r\n  <\/script>\r\n<div style=\"height: 400px;\">&nbsp;<\/div>\r\n<\/div>\n\n\n\n<figure class=\"wp-block-video\"><\/figure>\n\n\n\n<figure class=\"wp-block-video\"><\/figure>\n","protected":false},"excerpt":{"rendered":"<p>Toisen asteen yhteyshaku 17.2.-17.3.2026 Lapinlahden Lukio ja Kuvataidelukio tarjoaa monipuolisia opiskelumahdollisuuksia niin yleislinjalla kuin kuvataiteen erikoislinjalla. Meill\u00e4 voi suorittaa kaksoistutkinnon ja urheiluvalmennuksen opintojaksoja. J\u00e4rjest\u00e4mme illan lukioon valituille tiistaina 16.6.2026 klo 17 lukiolla. Ohjeita kuvataidelinjan hakukirjeen ja ainevalintojen tekemiseen: Kuvataidelinjan esittely Jos haluat tulla vierailulle lukioomme, ota yhteytt\u00e4 Riitta-opinto-ohjaajaan riitta.winberg(a)opedu.lapinlahti.fi. Voit k\u00e4yd\u00e4 tutustumassa lukiomme tiloihin etuk\u00e4teen &hellip; <\/p>\n<p class=\"link-more\"><a href=\"https:\/\/www.lapinlahdenlukio.fi\/WP\/?page_id=3502\" class=\"more-link\">Read more<span class=\"screen-reader-text\"> &#8220;Yhteishaku ja yleistietoa hakemisesta&#8221;<\/span><\/a><\/p>\n","protected":false},"author":13,"featured_media":0,"parent":54,"menu_order":0,"comment_status":"closed","ping_status":"closed","template":"","meta":{"footnotes":""},"class_list":["post-3502","page","type-page","status-publish","hentry"],"_links":{"self":[{"href":"https:\/\/www.lapinlahdenlukio.fi\/WP\/index.php?rest_route=\/wp\/v2\/pages\/3502","targetHints":{"allow":["GET"]}}],"collection":[{"href":"https:\/\/www.lapinlahdenlukio.fi\/WP\/index.php?rest_route=\/wp\/v2\/pages"}],"about":[{"href":"https:\/\/www.lapinlahdenlukio.fi\/WP\/index.php?rest_route=\/wp\/v2\/types\/page"}],"author":[{"embeddable":true,"href":"https:\/\/www.lapinlahdenlukio.fi\/WP\/index.php?rest_route=\/wp\/v2\/users\/13"}],"replies":[{"embeddable":true,"href":"https:\/\/www.lapinlahdenlukio.fi\/WP\/index.php?rest_route=%2Fwp%2Fv2%2Fcomments&post=3502"}],"version-history":[{"count":46,"href":"https:\/\/www.lapinlahdenlukio.fi\/WP\/index.php?rest_route=\/wp\/v2\/pages\/3502\/revisions"}],"predecessor-version":[{"id":4483,"href":"https:\/\/www.lapinlahdenlukio.fi\/WP\/index.php?rest_route=\/wp\/v2\/pages\/3502\/revisions\/4483"}],"up":[{"embeddable":true,"href":"https:\/\/www.lapinlahdenlukio.fi\/WP\/index.php?rest_route=\/wp\/v2\/pages\/54"}],"wp:attachment":[{"href":"https:\/\/www.lapinlahdenlukio.fi\/WP\/index.php?rest_route=%2Fwp%2Fv2%2Fmedia&parent=3502"}],"curies":[{"name":"wp","href":"https:\/\/api.w.org\/{rel}","templated":true}]}}