{"id":3497,"date":"2022-10-05T13:59:36","date_gmt":"2022-10-05T10:59:36","guid":{"rendered":"https:\/\/www.lapinlahdenlukio.fi\/WP\/?page_id=3497"},"modified":"2025-12-11T15:02:24","modified_gmt":"2025-12-11T12:02:24","slug":"kuvataidelukioon-hakeminen","status":"publish","type":"page","link":"https:\/\/www.lapinlahdenlukio.fi\/WP\/?page_id=3497","title":{"rendered":"Kuvataide&shy;lukioon hakeminen"},"content":{"rendered":"\n<h2 class=\"wp-block-heading\">Yhteishaku 17.2.-17.3.2026.<\/h2>\n\n\n\n<ol class=\"wp-block-list\">\n<li><strong>T\u00e4yt\u00e4 <\/strong>s\u00e4hk\u00f6inen yhteishakulomake osoitteessa <a href=\"http:\/\/www.opintopolku.fi\">opintopolku.fi<\/a>.<\/li>\n\n\n\n<li>T\u00e4yt\u00e4&nbsp;<strong>hakukirje ja ainevalinnat<\/strong> s\u00e4hk\u00f6isesti <a href=\"https:\/\/link.webropolsurveys.com\/Participation\/Public\/53f971fa-7418-447d-aa54-cf9fc04dc615?displayId=Fin3447657\" data-type=\"link\" data-id=\"https:\/\/link.webropolsurveys.com\/Participation\/Public\/53f971fa-7418-447d-aa54-cf9fc04dc615?displayId=Fin3447657\" target=\"_blank\" rel=\"noreferrer noopener\">lomakkeella <\/a>sek\u00e4 l\u00e4het\u00e4&nbsp;<strong>kaksi n\u00e4ytety\u00f6t\u00e4,<\/strong>&nbsp;jotka kertovat t\u00e4m\u00e4nhetkisest\u00e4 kuvallisesta osaamisestasi. N\u00e4ytety\u00f6t voit palauttaa s\u00e4hk\u00f6isesti hakukirjeen mukana tai postitse. <br><strong>N\u00e4ytety\u00f6t tulee l\u00e4hett\u00e4\u00e4 ja hakukirje t\u00e4ytt\u00e4\u00e4 hakuajan aikana.<\/strong><br>&nbsp;<br><\/li>\n<\/ol>\n\n\n\n<h2 class=\"wp-block-heading\">Ohjeet hakukirjeen ja ainevalintojen tekemiseen<\/h2>\n\n\n\n<figure class=\"wp-block-embed aligncenter is-type-video is-provider-youtube wp-block-embed-youtube wp-embed-aspect-16-9 wp-has-aspect-ratio\"><div class=\"wp-block-embed__wrapper\">\n<iframe loading=\"lazy\" title=\"Hakukirje ja ainevalinnat kuvataidelinjalle toisen asteen yhteishaku 2026\" width=\"950\" height=\"534\" src=\"https:\/\/www.youtube.com\/embed\/yZZkGoJIYFY?feature=oembed\" frameborder=\"0\" allow=\"accelerometer; autoplay; clipboard-write; encrypted-media; gyroscope; picture-in-picture; web-share\" referrerpolicy=\"strict-origin-when-cross-origin\" allowfullscreen><\/iframe>\n<\/div><\/figure>\n\n\n\n<h2 class=\"wp-block-heading\">Kuvataidelinjan esittely<\/h2>\n\n\n\n<figure class=\"wp-block-embed is-type-video is-provider-youtube wp-block-embed-youtube wp-embed-aspect-16-9 wp-has-aspect-ratio\"><div class=\"wp-block-embed__wrapper\">\n<iframe loading=\"lazy\" title=\"Kuvataidelinjan esittely\" width=\"950\" height=\"534\" src=\"https:\/\/www.youtube.com\/embed\/y9Se6oty9fw?feature=oembed\" frameborder=\"0\" allow=\"accelerometer; autoplay; clipboard-write; encrypted-media; gyroscope; picture-in-picture; web-share\" referrerpolicy=\"strict-origin-when-cross-origin\" allowfullscreen><\/iframe>\n<\/div><\/figure>\n\n\n\n<p>Jos haluat l\u00e4hett\u00e4\u00e4 n\u00e4ytety\u00f6si postitse, l\u00e4het\u00e4 ne yhteishaun loppuun menness\u00e4 osoitteeseen&nbsp;<em>Lapinlahden Lukio ja Kuvataidelukio, Kivist\u00f6ntie 2, 73100 Lapinlahti<\/em><br>N\u00e4ytety\u00f6t voivat olla esimerkiksi digitaalisia piirroksia, maalauksia, julisteita, valokuvia tai videoita. Voit my\u00f6s l\u00e4hett\u00e4\u00e4 valokuvan originaalista ty\u00f6st\u00e4 (esim. piirros, maalaus, veistos). Kirjoita postitse l\u00e4hetett\u00e4vien n\u00e4ytet\u00f6iden taakse nimesi ja ty\u00f6n tekniikka.&nbsp;<br><br>Mik\u00e4li haluat, ett\u00e4 n\u00e4ytety\u00f6t palautetaan, ilmoita siit\u00e4 hakulomakkeella. N\u00e4ytety\u00f6n voi hakea lukiolta elokuussa tai toimittaa maksetun, nimell\u00e4 ja osoitteella varustetun palautuskuoren\/-paketin lukiolle. Opintonsa Lapinlahden Lukiossa ja Kuvataidelukiossa aloittavat saavat n\u00e4ytety\u00f6ns\u00e4 ensimm\u00e4isell\u00e4 kuvataiteen opintojaksolla.<br><br><strong>Tieto opiskelupaikan saamisesta ilmoitetaan s\u00e4hk\u00f6postitse aikaisintaan 11.6.2026.<\/strong><\/p>\n\n\n\n<hr class=\"wp-block-separator has-alpha-channel-opacity\"\/>\n\n\n\n<p>Uudet opiskelijat valitaan peruskoulun p\u00e4\u00e4tt\u00f6todistuksen ja kuvallisen osaamisen ja motivaation perusteella.<\/p>\n\n\n\n<div class=\"wp-block-columns is-layout-flex wp-container-core-columns-is-layout-9d6595d7 wp-block-columns-is-layout-flex\">\n<div class=\"wp-block-column is-layout-flow wp-block-column-is-layout-flow\">\n<p><\/p>\n<\/div>\n\n\n\n<div class=\"wp-block-column is-layout-flow wp-block-column-is-layout-flow\">\n<p><\/p>\n\n\n\n<p><\/p>\n<\/div>\n<\/div>\n\n\n\n<h3 class=\"wp-block-heading\">Valintaperusteet kuvataidelukioon<\/h3>\n\n\n\n<p>Hakija voi saada enint\u00e4\u00e4n <strong>20 pistett\u00e4<\/strong>:<\/p>\n\n\n\n<p><strong>1-10 pistett\u00e4:<\/strong> n\u00e4ytet\u00f6ist\u00e4 ja ainevalintakortista ilmenev\u00e4 kuvallinen osaaminen ja motivaatio<\/p>\n\n\n\n<p><strong>7-10 pistett\u00e4:<\/strong> peruskoulun p\u00e4\u00e4tt\u00f6todistuksen lukuaineiden keskiarvo (oltava v\u00e4hint\u00e4\u00e4n 7,0)<\/p>\n\n\n\n<p>Kuvataidelukion valintatulokset ilmoitetaan kes\u00e4kuussa.<\/p>\n\n\n\n<h2 class=\"wp-block-heading\"><strong>Hakeminen 2. tai 3. vuodelle<\/strong><\/h2>\n\n\n\n<p>Sinun on mahdollista vaihtaa lukioomme kesken lukio-opintojesi, esimerkiksi toisen opiskeluvuoden alussa. Jos haluat vaihtaa, ota yhteytt\u00e4 opinto-ohjaajaan. Lukiota vaihtavien hakemuksia k\u00e4sitell\u00e4\u00e4n l\u00e4pi vuoden ilman erillist\u00e4 hakuaikaa.<\/p>\n\n\n\n<p>Lis\u00e4tietoa saat kysym\u00e4ll\u00e4 s\u00e4hk\u00f6postilla tai puhelimitse <a href=\"https:\/\/www.lapinlahdenlukio.fi\/WP\/?page_id=56#opo\" data-type=\"page\" target=\"_blank\" rel=\"noreferrer noopener\">opinto-ohjaajalta<\/a>.<\/p>\n","protected":false},"excerpt":{"rendered":"<p>Yhteishaku 17.2.-17.3.2026. Ohjeet hakukirjeen ja ainevalintojen tekemiseen Kuvataidelinjan esittely Jos haluat l\u00e4hett\u00e4\u00e4 n\u00e4ytety\u00f6si postitse, l\u00e4het\u00e4 ne yhteishaun loppuun menness\u00e4 osoitteeseen&nbsp;Lapinlahden Lukio ja Kuvataidelukio, Kivist\u00f6ntie 2, 73100 LapinlahtiN\u00e4ytety\u00f6t voivat olla esimerkiksi digitaalisia piirroksia, maalauksia, julisteita, valokuvia tai videoita. Voit my\u00f6s l\u00e4hett\u00e4\u00e4 valokuvan originaalista ty\u00f6st\u00e4 (esim. piirros, maalaus, veistos). Kirjoita postitse l\u00e4hetett\u00e4vien n\u00e4ytet\u00f6iden taakse nimesi ja ty\u00f6n &hellip; <\/p>\n<p class=\"link-more\"><a href=\"https:\/\/www.lapinlahdenlukio.fi\/WP\/?page_id=3497\" class=\"more-link\">Read more<span class=\"screen-reader-text\"> &#8220;Kuvataide&shy;lukioon hakeminen&#8221;<\/span><\/a><\/p>\n","protected":false},"author":13,"featured_media":0,"parent":54,"menu_order":20,"comment_status":"closed","ping_status":"closed","template":"","meta":{"footnotes":""},"class_list":["post-3497","page","type-page","status-publish","hentry"],"_links":{"self":[{"href":"https:\/\/www.lapinlahdenlukio.fi\/WP\/index.php?rest_route=\/wp\/v2\/pages\/3497","targetHints":{"allow":["GET"]}}],"collection":[{"href":"https:\/\/www.lapinlahdenlukio.fi\/WP\/index.php?rest_route=\/wp\/v2\/pages"}],"about":[{"href":"https:\/\/www.lapinlahdenlukio.fi\/WP\/index.php?rest_route=\/wp\/v2\/types\/page"}],"author":[{"embeddable":true,"href":"https:\/\/www.lapinlahdenlukio.fi\/WP\/index.php?rest_route=\/wp\/v2\/users\/13"}],"replies":[{"embeddable":true,"href":"https:\/\/www.lapinlahdenlukio.fi\/WP\/index.php?rest_route=%2Fwp%2Fv2%2Fcomments&post=3497"}],"version-history":[{"count":70,"href":"https:\/\/www.lapinlahdenlukio.fi\/WP\/index.php?rest_route=\/wp\/v2\/pages\/3497\/revisions"}],"predecessor-version":[{"id":4430,"href":"https:\/\/www.lapinlahdenlukio.fi\/WP\/index.php?rest_route=\/wp\/v2\/pages\/3497\/revisions\/4430"}],"up":[{"embeddable":true,"href":"https:\/\/www.lapinlahdenlukio.fi\/WP\/index.php?rest_route=\/wp\/v2\/pages\/54"}],"wp:attachment":[{"href":"https:\/\/www.lapinlahdenlukio.fi\/WP\/index.php?rest_route=%2Fwp%2Fv2%2Fmedia&parent=3497"}],"curies":[{"name":"wp","href":"https:\/\/api.w.org\/{rel}","templated":true}]}}