{"id":3494,"date":"2022-10-05T13:58:26","date_gmt":"2022-10-05T10:58:26","guid":{"rendered":"https:\/\/www.lapinlahdenlukio.fi\/WP\/?page_id=3494"},"modified":"2025-11-06T15:47:00","modified_gmt":"2025-11-06T12:47:00","slug":"yleislukioon-hakeminen","status":"publish","type":"page","link":"https:\/\/www.lapinlahdenlukio.fi\/WP\/?page_id=3494","title":{"rendered":"Yleislukioon hakeminen"},"content":{"rendered":"\n<h2 class=\"wp-block-heading\">Yhteishaku 17.2.-17.3.2026<\/h2>\n\n\n\n<ol class=\"wp-block-list\">\n<li>T\u00e4yt\u00e4 s\u00e4hk\u00f6inen yhteishakulomake osoitteessa&nbsp;<a href=\"http:\/\/www.opintopolku.fi\">opintopolku.fi<\/a>.<\/li>\n\n\n\n<li>Ainevalintojen osalta ota yhteytt\u00e4 Riitta-opoon.<br><\/li>\n<\/ol>\n\n\n\n<div class=\"wp-block-columns alignwide is-layout-flex wp-container-core-columns-is-layout-9d6595d7 wp-block-columns-is-layout-flex\"><\/div>\n\n\n\n<p>Muista tehd\u00e4 kummatkin vaiheet, vaikka Lapinlahden lukio ja Kuvataidelukio olisi vasta 2. tai 3. valintasi. Uudet opiskelijat valitaan peruskoulun p\u00e4\u00e4tt\u00f6todistuksen lukuaineiden keskiarvon perusteella, jonka on oltava v\u00e4hint\u00e4\u00e4n 7,0.<\/p>\n\n\n\n<p><strong>Tieto opiskelupaikan saamisesta ilmoitetaan s\u00e4hk\u00f6postitse aikaisintaan 11.6.2026.<\/strong><br><\/p>\n\n\n\n<h2 class=\"wp-block-heading\"><strong>Hakeminen 2. tai 3. vuodelle<\/strong><\/h2>\n\n\n\n<p>Sinun on mahdollista vaihtaa lukioomme kesken lukio-opintojesi, esimerkiksi toisen opiskeluvuoden alussa. Jos haluat vaihtaa, ota yhteytt\u00e4 opinto-ohjaajaan. Lukiota vaihtavien hakemuksia k\u00e4sitell\u00e4\u00e4n l\u00e4pi vuoden ilman erillist\u00e4 hakuaikaa.<\/p>\n\n\n\n<p>Lis\u00e4tietoa saat kysym\u00e4ll\u00e4 s\u00e4hk\u00f6postilla tai soittamalla:<br>Opinto-ohjaaja<\/p>\n\n\n\n<p id=\"opo\">Riitta Winberg (lukioon hakeminen, opintojen suunnittelu, ongelmat opinnoissa, jatko-opinnot)<br>040 488 3241 <br>riitta.winberg(a)opedu.lapinlahti.fi<\/p>\n\n\n\n<p><\/p>\n\n\n\n<p id=\"opo\"><\/p>\n","protected":false},"excerpt":{"rendered":"<p>Yhteishaku 17.2.-17.3.2026 Muista tehd\u00e4 kummatkin vaiheet, vaikka Lapinlahden lukio ja Kuvataidelukio olisi vasta 2. tai 3. valintasi. Uudet opiskelijat valitaan peruskoulun p\u00e4\u00e4tt\u00f6todistuksen lukuaineiden keskiarvon perusteella, jonka on oltava v\u00e4hint\u00e4\u00e4n 7,0. Tieto opiskelupaikan saamisesta ilmoitetaan s\u00e4hk\u00f6postitse aikaisintaan 11.6.2026. Hakeminen 2. tai 3. vuodelle Sinun on mahdollista vaihtaa lukioomme kesken lukio-opintojesi, esimerkiksi toisen opiskeluvuoden alussa. Jos haluat &hellip; <\/p>\n<p class=\"link-more\"><a href=\"https:\/\/www.lapinlahdenlukio.fi\/WP\/?page_id=3494\" class=\"more-link\">Read more<span class=\"screen-reader-text\"> &#8220;Yleislukioon hakeminen&#8221;<\/span><\/a><\/p>\n","protected":false},"author":13,"featured_media":0,"parent":54,"menu_order":10,"comment_status":"closed","ping_status":"closed","template":"","meta":{"footnotes":""},"class_list":["post-3494","page","type-page","status-publish","hentry"],"_links":{"self":[{"href":"https:\/\/www.lapinlahdenlukio.fi\/WP\/index.php?rest_route=\/wp\/v2\/pages\/3494","targetHints":{"allow":["GET"]}}],"collection":[{"href":"https:\/\/www.lapinlahdenlukio.fi\/WP\/index.php?rest_route=\/wp\/v2\/pages"}],"about":[{"href":"https:\/\/www.lapinlahdenlukio.fi\/WP\/index.php?rest_route=\/wp\/v2\/types\/page"}],"author":[{"embeddable":true,"href":"https:\/\/www.lapinlahdenlukio.fi\/WP\/index.php?rest_route=\/wp\/v2\/users\/13"}],"replies":[{"embeddable":true,"href":"https:\/\/www.lapinlahdenlukio.fi\/WP\/index.php?rest_route=%2Fwp%2Fv2%2Fcomments&post=3494"}],"version-history":[{"count":35,"href":"https:\/\/www.lapinlahdenlukio.fi\/WP\/index.php?rest_route=\/wp\/v2\/pages\/3494\/revisions"}],"predecessor-version":[{"id":4410,"href":"https:\/\/www.lapinlahdenlukio.fi\/WP\/index.php?rest_route=\/wp\/v2\/pages\/3494\/revisions\/4410"}],"up":[{"embeddable":true,"href":"https:\/\/www.lapinlahdenlukio.fi\/WP\/index.php?rest_route=\/wp\/v2\/pages\/54"}],"wp:attachment":[{"href":"https:\/\/www.lapinlahdenlukio.fi\/WP\/index.php?rest_route=%2Fwp%2Fv2%2Fmedia&parent=3494"}],"curies":[{"name":"wp","href":"https:\/\/api.w.org\/{rel}","templated":true}]}}