{"id":2768,"date":"2020-12-10T11:35:47","date_gmt":"2020-12-10T08:35:47","guid":{"rendered":"https:\/\/www.lapinlahdenlukio.fi\/WP\/?page_id=2768"},"modified":"2023-02-10T16:11:38","modified_gmt":"2023-02-10T13:11:38","slug":"tietosuojaseloste","status":"publish","type":"page","link":"https:\/\/www.lapinlahdenlukio.fi\/WP\/?page_id=2768","title":{"rendered":"Tietosuojaseloste"},"content":{"rendered":"\n<h1 class=\"wp-block-heading\">Tietosuojaseloste<\/h1>\n\n\n\n<p>T\u00e4ss\u00e4 tietosuojaselosteessa kuvaillaan ne tarkoituksenmukaisesti ker\u00e4tyt ja koostetut tiedot, joita Lapinlahden Lukio ja Kuvataidelukio ker\u00e4\u00e4 sivuvierailijoista, sek\u00e4 niiden k\u00e4ytt\u00f6tarkoitus, laajuus, s\u00e4ilytt\u00e4minen ja k\u00e4yt\u00e4nn\u00f6t. Selostetta p\u00e4ivitet\u00e4\u00e4n tarvittaessa. Seloste on p\u00e4ivitetty viimeksi 10.2.2023.<\/p>\n\n\n\n<h1 class=\"wp-block-heading\">Rekisterinpit\u00e4j\u00e4<\/h1>\n\n\n\n<p>Lapinlahden Lukio ja Kuvataidelukio<br>Kivist\u00f6ntie 2<br>73100 Lapinlahti<br><a href=\"mailto:lapinlahden.lukio@lapinlahti.fi\">lapinlahden.lukio@lapinlahti.fi<\/a><\/p>\n\n\n\n<h1 class=\"wp-block-heading\">Rekisterist\u00e4 vastaavan henkil\u00f6n yhteystiedot<\/h1>\n\n\n\n<p>opintosihteeri Ville Kumpulainen<br>puh. 040 488 3252<br><a href=\"mailto:etunimi.sukunimi@lapinlahti.fi\">etunimi.sukunimi@lapinlahti.fi<\/a><\/p>\n\n\n\n<h1 class=\"wp-block-heading\">Rekisterinpit\u00e4j\u00e4n velvollisuudet<\/h1>\n\n\n\n<p>Rekisterinpit\u00e4j\u00e4n velvollisuutena on huolehtia, ett\u00e4 rekisterink\u00e4ytt\u00f6 on asianmukaista, rekisterit t\u00e4ytt\u00e4v\u00e4t niille asetetut voimassaolevat lait ja s\u00e4\u00e4d\u00f6kset, s\u00e4hk\u00f6isten rekisterien tietoturva on ajantasaista ja ennaltaehk\u00e4isev\u00e4\u00e4 sek\u00e4 tietoja kootaan vain siin\u00e4 m\u00e4\u00e4rin, kun se on k\u00e4ytt\u00f6tarkoitustensa kannalta oleellista ja perusteltua.<\/p>\n\n\n\n<h1 class=\"wp-block-heading\">Verkkosivuvierailijoista ker\u00e4tyt tiedot<\/h1>\n\n\n\n<h2 class=\"wp-block-heading\">Yleist\u00e4<\/h2>\n\n\n\n<p>Rekistereiden keskeisen\u00e4 k\u00e4ytt\u00f6tarkoituksena on tiedonsaannin kehitt\u00e4minen ja yhteystietonsa tietty\u00e4 k\u00e4ytt\u00f6tarkoitusta varten antaneiden verkkosivuvierailijoiden tavoittaminen. Tietoja kootaan ja s\u00e4ilytet\u00e4\u00e4n vain siin\u00e4 laajuudessa kuin on v\u00e4ltt\u00e4m\u00e4t\u00f6nt\u00e4 ilmoitetun k\u00e4ytt\u00f6tarkoituksen kannalta. Vierailijalla on oikeus saada pyynn\u00f6st\u00e4 kirjallisena ne h\u00e4nest\u00e4 ker\u00e4tyt tiedot, jotka voidaan tunnistettavasti lukion toimesta liitt\u00e4\u00e4 h\u00e4neen, sek\u00e4 pyyt\u00e4\u00e4 n\u00e4iden poistamista. Pyynn\u00f6n yhteydess\u00e4 on tietoturvasyist\u00e4 todistettava henkil\u00f6llisyytens\u00e4 tietojen asianmukaisen k\u00e4sittelyn varmistamiseksi.<\/p>\n\n\n\n<p>Ker\u00e4tyist\u00e4 tiedoista sek\u00e4 niiden pohjalta koostetuista tiedoista voidaan tehd\u00e4 lyhytaikaisia s\u00e4hk\u00f6isi\u00e4 kopioita tai paperikopioita k\u00e4sittely\u00e4 varten. Kopiot h\u00e4vitet\u00e4\u00e4n k\u00e4sittelyn j\u00e4lkeen, jollei niiden pysyv\u00e4mpi arkistointi ole erityisest\u00e4 syyst\u00e4 perusteltua.<\/p>\n\n\n\n<h2 class=\"wp-block-heading\">K\u00e4vij\u00f6ist\u00e4 ker\u00e4tyt tiedot<\/h2>\n\n\n\n<h3 class=\"wp-block-heading\">Vierailutiedot<\/h3>\n\n\n\n<h4 class=\"wp-block-heading\">Ker\u00e4tyt tiedot<\/h4>\n\n\n\n<p>Sivulatauksella k\u00e4vij\u00e4st\u00e4 ker\u00e4t\u00e4\u00e4n seuraavia tietoja:<\/p>\n\n\n\n<ul class=\"wp-block-list\">\n<li>vierailuaika<\/li>\n\n\n\n<li>vierailtu sivu ja edelt\u00e4v\u00e4t sivut<\/li>\n\n\n\n<li>vierailijan yksil\u00f6inti\u00e4 avustava tieto (ip-osoite, selain, sijainti ja ev\u00e4steet)<\/li>\n<\/ul>\n\n\n\n<h4 class=\"wp-block-heading\">Tarkoitus<\/h4>\n\n\n\n<p>Tavoitteena on kehitt\u00e4\u00e4 lukion kotisivuja yh\u00e4 enemm\u00e4n vierailijaa palvelevaan suuntaan. Tarkoituksena on kartoittaa<\/p>\n\n\n\n<ul class=\"wp-block-list\">\n<li>mit\u00e4 vierailija hakee ja l\u00f6yt\u00e4\u00e4k\u00f6 h\u00e4n etsim\u00e4lleen sivulle\n<ul class=\"wp-block-list\">\n<li>tarvitaanko uutta sivua tai osiota vastaamaan k\u00e4vij\u00e4n tiedontarpeeseen<\/li>\n\n\n\n<li>miten pitk\u00e4n polun vierailija k\u00e4y ennen kuin l\u00f6yt\u00e4\u00e4 mahdollisesti etsim\u00e4ns\u00e4<\/li>\n<\/ul>\n<\/li>\n\n\n\n<li>onko kotisivuilla tarpeettomia sivuja<\/li>\n\n\n\n<li>onko kotisivuilla ruuhkahuippuja ja millaiseen tiedontarpeeseen ne kohdentuvat<\/li>\n\n\n\n<li>mist\u00e4 p\u00e4in verkkosivuvierailijat saapuvat<\/li>\n\n\n\n<li>teknisiss\u00e4 virhetilanteissa virheeseen johtaneet syyt<\/li>\n\n\n\n<li>muu kotisivujen kehitt\u00e4misen kannalta tarkoituksenmukainen analyysi (lukion markkinointi, tiedon tarjoaminen)<\/li>\n<\/ul>\n\n\n\n<h4 class=\"wp-block-heading\">Tietojen s\u00e4ilytys<\/h4>\n\n\n\n<p>Vierailutietoja s\u00e4ilytet\u00e4\u00e4n WordPress-sivumoottorin omassa tietokannassa sek\u00e4 mahdollisten tilastointilis\u00e4osan kehitt\u00e4j\u00e4n hy\u00f6dynt\u00e4mien kolmansien osapuolien tietovarastoissa. Sivulatauksesta muodostuu my\u00f6s verkkosivupalvelimen logimerkint\u00e4.<\/p>\n\n\n\n<h3 class=\"wp-block-heading\">WordPress-lis\u00e4osien ker\u00e4\u00e4m\u00e4t tiedot<\/h3>\n\n\n\n<h4 class=\"wp-block-heading\">Ker\u00e4tyt tiedot<\/h4>\n\n\n\n<p>Kotisivuilla k\u00e4ytetyill\u00e4 kolmannen osapuolen kehitt\u00e4mill\u00e4 lis\u00e4osilla on keskeisen\u00e4 osana kotisivuja p\u00e4\u00e4sy samoihin tietoihin, joita k\u00e4ytet\u00e4\u00e4n verkkosivuvierailujen tilastoinnissa. Lis\u00e4ksi lis\u00e4osien on mahdollista yksil\u00f6id\u00e4 tarkemmin ulkopuolisiin kolmannen osapuolen palveluihin, kuten Facebookiin, kirjautuneiden vierailijoiden toimintaa. Tietojen ker\u00e4\u00e4minen ja k\u00e4sittely voivat my\u00f6s muuttua lis\u00e4osan kehitt\u00e4j\u00e4osapuolen tai osapuolen yhteisty\u00f6kumppanien yksipuolisesta p\u00e4\u00e4t\u00f6ksest\u00e4. Lukio ei voi osaltaan puuttua n\u00e4iden tietojen k\u00e4sittelyyn.<\/p>\n\n\n\n<p>Ev\u00e4steit\u00e4 osana omia palveluitaan k\u00e4ytt\u00e4v\u00e4t tahot:<\/p>\n\n\n\n<ul class=\"wp-block-list\">\n<li>Google Fonts (<a href=\"https:\/\/policies.google.com\/privacy?hl=fi\">Googlen tietosuojak\u00e4yt\u00e4nt\u00f6<\/a>)<\/li>\n\n\n\n<li>Google reCAPTCHA (<a href=\"https:\/\/policies.google.com\/privacy?hl=fi\">Googlen tietosuojak\u00e4yt\u00e4nt\u00f6<\/a>)<\/li>\n\n\n\n<li>Facebook (<a href=\"https:\/\/fi-fi.facebook.com\/privacy\/explanation\">Facebookin ja Instagramin tietok\u00e4yt\u00e4nt\u00f6<\/a>)<\/li>\n\n\n\n<li>Instagram (<a href=\"https:\/\/fi-fi.facebook.com\/privacy\/explanation\">Facebookin ja Instagramin tietok\u00e4yt\u00e4nt\u00f6<\/a>)<\/li>\n\n\n\n<li>Twitter (<a href=\"https:\/\/twitter.com\/en\/privacy\">Twitter Privacy Policy<\/a>)<\/li>\n\n\n\n<li>Pinterest (<a href=\"https:\/\/policy.pinterest.com\/fi\/privacy-policy\">Pinterestin tietosuojak\u00e4yt\u00e4nt\u00f6<\/a>)<\/li>\n<\/ul>\n\n\n\n<h4 class=\"wp-block-heading\">Tarkoitus<\/h4>\n\n\n\n<p>Kolmannen osapuolen toimijoiden p\u00e4\u00e4s\u00e4\u00e4nt\u00f6inen tarkoitus on markkinointi. Esimerkiksi some-alustat voivat seurata, mill\u00e4 sivuilla some-alustalle kirjautunut vierailee k\u00e4ydess\u00e4\u00e4n lukion kotisivuilla ja kohdentaa t\u00e4m\u00e4n j\u00e4lkeen omaa markkinointiaan kyseiselle k\u00e4ytt\u00e4j\u00e4lle.<\/p>\n\n\n\n<h4 class=\"wp-block-heading\">Tietojen s\u00e4ilytys<\/h4>\n\n\n\n<p>Kolmannen osapuolen toimijat vastaavat itse ker\u00e4\u00e4miens\u00e4 tietojen s\u00e4ilytyksest\u00e4.<\/p>\n\n\n\n<h3 class=\"wp-block-heading\">Verkkolomakkeilla ker\u00e4tty tieto<\/h3>\n\n\n\n<h4 class=\"wp-block-heading\">Ker\u00e4tyt tiedot<\/h4>\n\n\n\n<p>Verkkolomakkeilla ker\u00e4t\u00e4\u00e4n niill\u00e4 k\u00e4vij\u00e4lle n\u00e4kyv\u00e4t t\u00e4ydennett\u00e4v\u00e4t tiedot k\u00e4ytt\u00e4j\u00e4n suostumuksella. Tyypillisi\u00e4 ker\u00e4tt\u00e4vi\u00e4 tietoja ovat yhteystiedot, kuten nimi, puhelinnumero, s\u00e4hk\u00f6posti ja\/tai osoite k\u00e4ytt\u00f6tarkoituksen mukaan. Lis\u00e4ksi ker\u00e4t\u00e4\u00e4n kyseisen k\u00e4ytt\u00f6tarkoituksen osalta oleellisia valintoja, p\u00e4iv\u00e4m\u00e4\u00e4ri\u00e4 ja vapaamuotoisia tekstivastauksia. K\u00e4vij\u00e4lle n\u00e4kyvien tietojen lis\u00e4ksi voidaan tallentaa l\u00e4hetysajankohta sek\u00e4 k\u00e4vij\u00e4n roskapostittajasta erottavat yksil\u00f6iv\u00e4t tiedot ja ev\u00e4steet.<\/p>\n\n\n\n<h4 class=\"wp-block-heading\">Tarkoitus<\/h4>\n\n\n\n<p>Lomakkeilla ker\u00e4t\u00e4\u00e4n tapahtuman tai projektin kannalta oleellinen ilmoittautuminen ja yhteystiedot, joilla asianosaisen saa kiinni tapahtumaan tai projektiin liittyv\u00e4n yhteydenpidon tiimoilta. Kyseisess\u00e4 yhteydess\u00e4 ker\u00e4ttyj\u00e4 yhteystietoja ei k\u00e4ytet\u00e4 yhteydenottoon muissa asioissa ilman asianosaisen erillist\u00e4 suostumusta joko lomakkeella tai my\u00f6hemm\u00e4n viestinn\u00e4n yhteydess\u00e4.<\/p>\n\n\n\n<h4 class=\"wp-block-heading\">Tietojen s\u00e4ilytys<\/h4>\n\n\n\n<p>Lomakkeella t\u00e4ytetyt ja l\u00e4hetetyt tiedot tallentuvat WordPress-lis\u00e4osan hy\u00f6dynt\u00e4m\u00e4\u00e4n tietokantaan ja l\u00e4hetet\u00e4\u00e4n lomakkeen toimintoa koordinoivalle lukion henkil\u00f6kunnan j\u00e4senelle s\u00e4hk\u00f6postitse. Tiedot voivat toistua my\u00f6hemm\u00e4ss\u00e4 yhteydenotossa esimerkiksi s\u00e4hk\u00f6postivastauksessa lainattuna tekstin\u00e4.<\/p>\n\n\n\n<h1 class=\"wp-block-heading\">Tietoturva<\/h1>\n\n\n\n<h2 class=\"wp-block-heading\">Tekninen tietoturva<\/h2>\n\n\n\n<p>Ker\u00e4tyt tiedot ovat verkkopalvelimella verkkosivupalvelimen logeissa (sivulataukset) ja tietokannassa, joihin on suora p\u00e4\u00e4sy vain kansliahenkil\u00f6kunnalla ja palveluntuottajalla. V\u00e4lillinen p\u00e4\u00e4sy tietokantaan on kotisivujen aktiivisesti p\u00e4ivitett\u00e4v\u00e4ll\u00e4 WordPress-alustalla, mik\u00e4 edellytt\u00e4\u00e4 kirjautumista https-protokollan v\u00e4lityksell\u00e4. Kirjautumistunnuksia kotisivuille on luovutettu vain lukion henkil\u00f6kunnan k\u00e4ytt\u00f6\u00f6n. Kolmannen osapuolen ker\u00e4\u00e4mien tietojen (some-upotukset ja muut tiedonkeruuta hy\u00f6dynt\u00e4v\u00e4t WordPress-lis\u00e4osat) teknisist\u00e4 ratkaisuista vastaavat kolmannet osapuolet itse.<\/p>\n\n\n\n<p>Lomakkeilta ker\u00e4tyt tiedot v\u00e4litet\u00e4\u00e4n WordPress-lis\u00e4osan tiedontallennuksen lis\u00e4ksi s\u00e4hk\u00f6postitse lomakkeen k\u00e4ytt\u00f6tarkoituksesta vastaavalle henkil\u00f6lle tai henkil\u00f6ille. S\u00e4hk\u00f6postiosoitteet ovat Lapinlahden kunnan tietoturvallisia Office365-ty\u00f6s\u00e4hk\u00f6posteja, joiden tietojenk\u00e4sittelyst\u00e4 vastaa Microsoft (<a href=\"https:\/\/privacy.microsoft.com\/fi-fi\/privacystatement\">tietosuojalauseke<\/a>). Osassa lomakkeista k\u00e4ytet\u00e4\u00e4n roskapostittajien tunnistamiseksi Googlen reCAPTCHA-palvelua (<a href=\"https:\/\/policies.google.com\/privacy?hl=fi-FI\">tietosuojak\u00e4yt\u00e4nt\u00f6<\/a>).<\/p>\n\n\n\n<h2 class=\"wp-block-heading\">Tietojen luovuttaminen<\/h2>\n\n\n\n<p>Rekistereit\u00e4 koskevia k\u00e4sittelypyynt\u00f6j\u00e4 tehd\u00e4\u00e4n vain henkil\u00f6llisyytens\u00e4 vahvistaneiden vierailijoiden pyynn\u00f6st\u00e4. T\u00e4ll\u00e4 varmistetaan, etteiv\u00e4t heit\u00e4 koskevat tiedot p\u00e4\u00e4dy v\u00e4\u00e4riin k\u00e4siin. Tietoja tai niist\u00e4 laadittuja koostetietoja ei luovuteta ilman asianosaisen suostumusta lukion toimesta eteenp\u00e4in kolmansille osapuolille, jollei kyseess\u00e4 ole lakis\u00e4\u00e4teinen viranomaism\u00e4\u00e4r\u00e4ys.<\/p>\n\n\n\n<h1 class=\"wp-block-heading\">Muutoshistoria<\/h1>\n\n\n\n<figure class=\"wp-block-table\"><table><tbody><tr><td><strong>pvm<\/strong><\/td><td><strong>Muokkaaja<\/strong><\/td><td><strong>Kuvaus<\/strong><\/td><\/tr><tr><td>10.12.2020<\/td><td>Ville Kumpulainen<\/td><td>Ensimm\u00e4inen julkaistu versio.<\/td><\/tr><tr><td>22.4.2021<\/td><td>Ville Kumpulainen<\/td><td>Korjattu <a href=\"https:\/\/tmivillekumpulainen.fi\" data-type=\"URL\" data-id=\"https:\/\/tmivillekumpulainen.fi\">Tmi Ville Kumpulaisen<\/a> tietosuojaselostepohjasta kummittelemaan j\u00e4\u00e4nyt asiakas-sana.<\/td><\/tr><tr><td>10.2.2023<\/td><td>Ville Kumpulainen<\/td><td>P\u00e4ivitetty rekisterinpit\u00e4j\u00e4n yhteystiedot p\u00e4ivittym\u00e4\u00e4n automaattisesti: jatkossa t\u00e4m\u00e4kin nimi vaihtuu nettisivujen muiden alasivujen tavoin kulloinkin lukiolla toimivan opintosihteerin mukaan automaattisesti vain yht\u00e4 paikkaa muokkaamalla. Ajantasaisen tiedon perusteella muuttuvan nimen vaiheista ei tulevaisuudessa pidet\u00e4 erikseen kirjaa tietosuojaselosteen muutoshistoriassa.<\/td><\/tr><\/tbody><\/table><\/figure>\n\n\n\n<p><\/p>\n","protected":false},"excerpt":{"rendered":"<p>Tietosuojaseloste T\u00e4ss\u00e4 tietosuojaselosteessa kuvaillaan ne tarkoituksenmukaisesti ker\u00e4tyt ja koostetut tiedot, joita Lapinlahden Lukio ja Kuvataidelukio ker\u00e4\u00e4 sivuvierailijoista, sek\u00e4 niiden k\u00e4ytt\u00f6tarkoitus, laajuus, s\u00e4ilytt\u00e4minen ja k\u00e4yt\u00e4nn\u00f6t. Selostetta p\u00e4ivitet\u00e4\u00e4n tarvittaessa. Seloste on p\u00e4ivitetty viimeksi 10.2.2023. Rekisterinpit\u00e4j\u00e4 Lapinlahden Lukio ja KuvataidelukioKivist\u00f6ntie 273100 Lapinlahtilapinlahden.lukio@lapinlahti.fi Rekisterist\u00e4 vastaavan henkil\u00f6n yhteystiedot opintosihteeri Ville Kumpulainenpuh. 040 488 3252etunimi.sukunimi@lapinlahti.fi Rekisterinpit\u00e4j\u00e4n velvollisuudet Rekisterinpit\u00e4j\u00e4n velvollisuutena on huolehtia, &hellip; <\/p>\n<p class=\"link-more\"><a href=\"https:\/\/www.lapinlahdenlukio.fi\/WP\/?page_id=2768\" class=\"more-link\">Read more<span class=\"screen-reader-text\"> &#8220;Tietosuojaseloste&#8221;<\/span><\/a><\/p>\n","protected":false},"author":13,"featured_media":0,"parent":0,"menu_order":0,"comment_status":"closed","ping_status":"closed","template":"","meta":{"footnotes":""},"class_list":["post-2768","page","type-page","status-publish","hentry"],"_links":{"self":[{"href":"https:\/\/www.lapinlahdenlukio.fi\/WP\/index.php?rest_route=\/wp\/v2\/pages\/2768","targetHints":{"allow":["GET"]}}],"collection":[{"href":"https:\/\/www.lapinlahdenlukio.fi\/WP\/index.php?rest_route=\/wp\/v2\/pages"}],"about":[{"href":"https:\/\/www.lapinlahdenlukio.fi\/WP\/index.php?rest_route=\/wp\/v2\/types\/page"}],"author":[{"embeddable":true,"href":"https:\/\/www.lapinlahdenlukio.fi\/WP\/index.php?rest_route=\/wp\/v2\/users\/13"}],"replies":[{"embeddable":true,"href":"https:\/\/www.lapinlahdenlukio.fi\/WP\/index.php?rest_route=%2Fwp%2Fv2%2Fcomments&post=2768"}],"version-history":[{"count":5,"href":"https:\/\/www.lapinlahdenlukio.fi\/WP\/index.php?rest_route=\/wp\/v2\/pages\/2768\/revisions"}],"predecessor-version":[{"id":3766,"href":"https:\/\/www.lapinlahdenlukio.fi\/WP\/index.php?rest_route=\/wp\/v2\/pages\/2768\/revisions\/3766"}],"wp:attachment":[{"href":"https:\/\/www.lapinlahdenlukio.fi\/WP\/index.php?rest_route=%2Fwp%2Fv2%2Fmedia&parent=2768"}],"curies":[{"name":"wp","href":"https:\/\/api.w.org\/{rel}","templated":true}]}}