{"id":2717,"date":"2020-11-16T10:18:33","date_gmt":"2020-11-16T07:18:33","guid":{"rendered":"https:\/\/www.lapinlahdenlukio.fi\/WP\/?page_id=2717"},"modified":"2024-10-22T15:35:16","modified_gmt":"2024-10-22T12:35:16","slug":"yhteistyoprojekti","status":"publish","type":"page","link":"https:\/\/www.lapinlahdenlukio.fi\/WP\/?page_id=2717","title":{"rendered":"Yhteis&shy;ty\u00f6&shy;projektit"},"content":{"rendered":"\n<p>Yhteisty\u00f6projektien tavoitteena on luoda ja kehitt\u00e4\u00e4 kuvataideopiskeluun soveltuvia yhteisty\u00f6muotoja kulttuurin eri toimijoiden v\u00e4lille. Yhteisty\u00f6kumppanit ovat yrityksi\u00e4, yhdistyksi\u00e4 ja yhteis\u00f6j\u00e4 lukion ulkopuolelta. Riitt\u00e4v\u00e4n ajoissa tehty yhteydenotto lukiolle edesauttaa projektin toteutumista. Jos projekti sopii sis\u00e4ll\u00f6lt\u00e4\u00e4n jonkin olevassa olevan kuvataiteen opintojakson tavoitteisiin ja sis\u00e4lt\u00f6ihin, voidaan se toteuttaa osana kurssit\u00f6it\u00e4. Itsen\u00e4isesti suoritettavat projektit, kilpailuty\u00f6t ja suunnitteluty\u00f6t tehd\u00e4\u00e4n omalla ajalla ja niist\u00e4 tehd\u00e4\u00e4n raportti.<\/p>\n\n\n\n<p>Projektin toteutuminen onnistuu vain jos siit\u00e4 tiedet\u00e4\u00e4n riitt\u00e4v\u00e4n ajoissa eli edellisen lukukauden helmikuussa tai sit\u00e4 aiemmin. <br><br>Isommissa projekteissa kaikki materiaalit kustantaa tilaaja. Lis\u00e4ksi tilaaja maksaa stipendimuotoisen palkkion projektiin osallistuville opiskelijoille.<\/p>\n\n\n\n<p>Millainen on toteutettavissa oleva projekti:<br>&#8211; kohtuullinen ty\u00f6m\u00e4\u00e4r\u00e4 (n. 38 h) ja realistiset tavoitteet<br>&#8211; selke\u00e4sti m\u00e4\u00e4ritellyt tavoitteet, mutta riitt\u00e4v\u00e4sti tilaa luovuudelle<br>&#8211; soveltuvuus lukioik\u00e4isille (16-19v): mielenkiintoisuus ja ty\u00f6turvallisuusasiat huomioitu<br><br><strong>Ota yhteytt\u00e4 ajoissa s\u00e4hk\u00f6postilla ja ilmoita seuraavat tiedot:<br><\/strong> <br>1. Tilaajan\/yhteishenkil\u00f6n nimi ja s\u00e4hk\u00f6posti\/puhelinnumero<br>2. Millaista teosta tai tuotetta projektista halutaan? Selke\u00e4 sanallinen m\u00e4\u00e4rittely ty\u00f6n tyylist\u00e4 tai tunnelmasta, tai jos tyyli on vapaa, ilmoitetaan sekin.<br>3. Milloin projektin pit\u00e4isi olla valmis?<\/p>\n\n\n\n<p>lapinlahden.lukio(a)lapinlahti.fi<br>titta.hamalainen(a)opedu.lapinlahti.fi<\/p>\n","protected":false},"excerpt":{"rendered":"<p>Yhteisty\u00f6projektien tavoitteena on luoda ja kehitt\u00e4\u00e4 kuvataideopiskeluun soveltuvia yhteisty\u00f6muotoja kulttuurin eri toimijoiden v\u00e4lille. Yhteisty\u00f6kumppanit ovat yrityksi\u00e4, yhdistyksi\u00e4 ja yhteis\u00f6j\u00e4 lukion ulkopuolelta. Riitt\u00e4v\u00e4n ajoissa tehty yhteydenotto lukiolle edesauttaa projektin toteutumista. Jos projekti sopii sis\u00e4ll\u00f6lt\u00e4\u00e4n jonkin olevassa olevan kuvataiteen opintojakson tavoitteisiin ja sis\u00e4lt\u00f6ihin, voidaan se toteuttaa osana kurssit\u00f6it\u00e4. Itsen\u00e4isesti suoritettavat projektit, kilpailuty\u00f6t ja suunnitteluty\u00f6t tehd\u00e4\u00e4n omalla ajalla &hellip; <\/p>\n<p class=\"link-more\"><a href=\"https:\/\/www.lapinlahdenlukio.fi\/WP\/?page_id=2717\" class=\"more-link\">Read more<span class=\"screen-reader-text\"> &#8220;Yhteis&shy;ty\u00f6&shy;projektit&#8221;<\/span><\/a><\/p>\n","protected":false},"author":13,"featured_media":0,"parent":0,"menu_order":0,"comment_status":"closed","ping_status":"closed","template":"","meta":{"footnotes":""},"class_list":["post-2717","page","type-page","status-publish","hentry"],"_links":{"self":[{"href":"https:\/\/www.lapinlahdenlukio.fi\/WP\/index.php?rest_route=\/wp\/v2\/pages\/2717","targetHints":{"allow":["GET"]}}],"collection":[{"href":"https:\/\/www.lapinlahdenlukio.fi\/WP\/index.php?rest_route=\/wp\/v2\/pages"}],"about":[{"href":"https:\/\/www.lapinlahdenlukio.fi\/WP\/index.php?rest_route=\/wp\/v2\/types\/page"}],"author":[{"embeddable":true,"href":"https:\/\/www.lapinlahdenlukio.fi\/WP\/index.php?rest_route=\/wp\/v2\/users\/13"}],"replies":[{"embeddable":true,"href":"https:\/\/www.lapinlahdenlukio.fi\/WP\/index.php?rest_route=%2Fwp%2Fv2%2Fcomments&post=2717"}],"version-history":[{"count":9,"href":"https:\/\/www.lapinlahdenlukio.fi\/WP\/index.php?rest_route=\/wp\/v2\/pages\/2717\/revisions"}],"predecessor-version":[{"id":4099,"href":"https:\/\/www.lapinlahdenlukio.fi\/WP\/index.php?rest_route=\/wp\/v2\/pages\/2717\/revisions\/4099"}],"wp:attachment":[{"href":"https:\/\/www.lapinlahdenlukio.fi\/WP\/index.php?rest_route=%2Fwp%2Fv2%2Fmedia&parent=2717"}],"curies":[{"name":"wp","href":"https:\/\/api.w.org\/{rel}","templated":true}]}}