{"id":2381,"date":"2020-09-30T13:05:29","date_gmt":"2020-09-30T10:05:29","guid":{"rendered":"https:\/\/www.lapinlahdenlukio.fi\/WP\/?page_id=2381"},"modified":"2025-02-06T19:08:42","modified_gmt":"2025-02-06T16:08:42","slug":"yleislukio","status":"publish","type":"page","link":"https:\/\/www.lapinlahdenlukio.fi\/WP\/?page_id=2381","title":{"rendered":"Yleislukio"},"content":{"rendered":"\n<p><strong>Tietoa, Taitoa ja Taidetta<\/strong><br><br>Lukio on toiminut Lapinlahdella jo vuodesta 1948. Lukio tarjoaa yleissivistyst\u00e4, valmentaa ylioppilaskirjoituksiin ja antaa valmiuksia yliopisto- ja AMK-opintoihin.<\/p>\n\n\n\n<p>Opiskelijat yleislukioon tulevat p\u00e4\u00e4osin Lapinlahdelta ja l\u00e4hialueilta. Yleislukio noudattaa valtakunnallista lukion opetussuunnitelmaa.<\/p>\n\n\n\n<p>Lapinlahden lukiossa on laaja opintotarjonta ja kurkistusopintoja yliopisto- ja AMK-opintoihin. Teemme yhteisty\u00f6t\u00e4 Lapinlahden kansalaisopiston ja taidemuseo Eemilin kanssa. Yleislukion opiskelijat voivat valita kiinnostuksensa mukaan kuvataidelukion tarjonnasta itse\u00e4\u00e4n kiinnostavia opintoja ja vapaa-ajan urheiluvalmennus hyv\u00e4ksyt\u00e4\u00e4n liikunnan valinnaisiksi opinnoiksi.<\/p>\n\n\n\n<p>Lapinlahden Lukio&nbsp;on mukana maailmanlaajuisessa Unesco-koulujen verkostossa. Unesco-lukiona j\u00e4rjest\u00e4mme kansallista ja kansainv\u00e4list\u00e4 toimintaa mm. tekem\u00e4ll\u00e4 opintoretki\u00e4, osallistumalla projekteihin ja pohjoismaiseen opiskelijavaihtoon.<br><br>Lukiossamme j\u00e4rjestet\u00e4\u00e4n s\u00e4\u00e4nn\u00f6llisesti opintomatka Eurooppaan ja lukiollamme on Erasmus+ akkreditointi, joka mahdollistaa kansainv\u00e4lisen toiminnan pitk\u00e4j\u00e4nteisen toteuttamisen ja kehitt\u00e4misen.<br><\/p>\n\n\n<div class=\"wp-block-image\">\n<figure class=\"alignright size-medium\"><a href=\"https:\/\/www.lapinlahdenlukio.fi\/WP\/wp-content\/uploads\/2025\/01\/image.png\"><img loading=\"lazy\" decoding=\"async\" width=\"300\" height=\"289\" src=\"https:\/\/www.lapinlahdenlukio.fi\/WP\/wp-content\/uploads\/2025\/01\/image-300x289.png\" alt=\"\" class=\"wp-image-4227\" srcset=\"https:\/\/www.lapinlahdenlukio.fi\/WP\/wp-content\/uploads\/2025\/01\/image-300x289.png 300w, https:\/\/www.lapinlahdenlukio.fi\/WP\/wp-content\/uploads\/2025\/01\/image-12x12.png 12w, https:\/\/www.lapinlahdenlukio.fi\/WP\/wp-content\/uploads\/2025\/01\/image.png 561w\" sizes=\"auto, (max-width: 300px) 100vw, 300px\" \/><\/a><\/figure><\/div>\n\n\n<div class=\"wp-block-columns is-layout-flex wp-container-core-columns-is-layout-9d6595d7 wp-block-columns-is-layout-flex\">\n<div class=\"wp-block-column is-layout-flow wp-block-column-is-layout-flow\" style=\"flex-basis:100%\">\n<figure class=\"wp-block-image size-medium\"><a href=\"https:\/\/www.lapinlahdenlukio.fi\/WP\/wp-content\/uploads\/2025\/01\/FI-V-Euroopan-unionin-rahoittama_PANTONE.jpg\"><img loading=\"lazy\" decoding=\"async\" width=\"296\" height=\"300\" src=\"https:\/\/www.lapinlahdenlukio.fi\/WP\/wp-content\/uploads\/2025\/01\/FI-V-Euroopan-unionin-rahoittama_PANTONE-296x300.jpg\" alt=\"\" class=\"wp-image-4221\" srcset=\"https:\/\/www.lapinlahdenlukio.fi\/WP\/wp-content\/uploads\/2025\/01\/FI-V-Euroopan-unionin-rahoittama_PANTONE-296x300.jpg 296w, https:\/\/www.lapinlahdenlukio.fi\/WP\/wp-content\/uploads\/2025\/01\/FI-V-Euroopan-unionin-rahoittama_PANTONE-768x778.jpg 768w, https:\/\/www.lapinlahdenlukio.fi\/WP\/wp-content\/uploads\/2025\/01\/FI-V-Euroopan-unionin-rahoittama_PANTONE-12x12.jpg 12w, https:\/\/www.lapinlahdenlukio.fi\/WP\/wp-content\/uploads\/2025\/01\/FI-V-Euroopan-unionin-rahoittama_PANTONE.jpg 910w\" sizes=\"auto, (max-width: 296px) 100vw, 296px\" \/><\/a><\/figure>\n<\/div>\n<\/div>\n\n\n\n<div class=\"wp-block-group alignfull\"><div class=\"wp-block-group__inner-container is-layout-constrained wp-block-group-is-layout-constrained\"><\/div><\/div>\n","protected":false},"excerpt":{"rendered":"<p>Tietoa, Taitoa ja Taidetta Lukio on toiminut Lapinlahdella jo vuodesta 1948. Lukio tarjoaa yleissivistyst\u00e4, valmentaa ylioppilaskirjoituksiin ja antaa valmiuksia yliopisto- ja AMK-opintoihin. Opiskelijat yleislukioon tulevat p\u00e4\u00e4osin Lapinlahdelta ja l\u00e4hialueilta. Yleislukio noudattaa valtakunnallista lukion opetussuunnitelmaa. Lapinlahden lukiossa on laaja opintotarjonta ja kurkistusopintoja yliopisto- ja AMK-opintoihin. Teemme yhteisty\u00f6t\u00e4 Lapinlahden kansalaisopiston ja taidemuseo Eemilin kanssa. Yleislukion opiskelijat voivat &hellip; <\/p>\n<p class=\"link-more\"><a href=\"https:\/\/www.lapinlahdenlukio.fi\/WP\/?page_id=2381\" class=\"more-link\">Read more<span class=\"screen-reader-text\"> &#8220;Yleislukio&#8221;<\/span><\/a><\/p>\n","protected":false},"author":13,"featured_media":0,"parent":0,"menu_order":400,"comment_status":"closed","ping_status":"closed","template":"","meta":{"footnotes":""},"class_list":["post-2381","page","type-page","status-publish","hentry"],"_links":{"self":[{"href":"https:\/\/www.lapinlahdenlukio.fi\/WP\/index.php?rest_route=\/wp\/v2\/pages\/2381","targetHints":{"allow":["GET"]}}],"collection":[{"href":"https:\/\/www.lapinlahdenlukio.fi\/WP\/index.php?rest_route=\/wp\/v2\/pages"}],"about":[{"href":"https:\/\/www.lapinlahdenlukio.fi\/WP\/index.php?rest_route=\/wp\/v2\/types\/page"}],"author":[{"embeddable":true,"href":"https:\/\/www.lapinlahdenlukio.fi\/WP\/index.php?rest_route=\/wp\/v2\/users\/13"}],"replies":[{"embeddable":true,"href":"https:\/\/www.lapinlahdenlukio.fi\/WP\/index.php?rest_route=%2Fwp%2Fv2%2Fcomments&post=2381"}],"version-history":[{"count":26,"href":"https:\/\/www.lapinlahdenlukio.fi\/WP\/index.php?rest_route=\/wp\/v2\/pages\/2381\/revisions"}],"predecessor-version":[{"id":4259,"href":"https:\/\/www.lapinlahdenlukio.fi\/WP\/index.php?rest_route=\/wp\/v2\/pages\/2381\/revisions\/4259"}],"wp:attachment":[{"href":"https:\/\/www.lapinlahdenlukio.fi\/WP\/index.php?rest_route=%2Fwp%2Fv2%2Fmedia&parent=2381"}],"curies":[{"name":"wp","href":"https:\/\/api.w.org\/{rel}","templated":true}]}}