{"id":1996,"date":"2019-04-09T13:33:17","date_gmt":"2019-04-09T10:33:17","guid":{"rendered":"http:\/\/www.lapinlahdenlukio.fi\/WP\/?page_id=1996"},"modified":"2025-06-08T09:09:45","modified_gmt":"2025-06-08T06:09:45","slug":"lukuvuoden-19-20-tyo-ja-loma-ajat","status":"publish","type":"page","link":"https:\/\/www.lapinlahdenlukio.fi\/WP\/?page_id=1996","title":{"rendered":"Lukuvuoden ty\u00f6- ja loma-ajat"},"content":{"rendered":"\n<h1 class=\"wp-block-heading\">TY\u00d6- JA LOMA-AJAT 25-26 <\/h1>\n\n\n\n<p>syyslukukausi&nbsp;&nbsp;&nbsp;&nbsp;&nbsp;&nbsp;&nbsp;&nbsp;&nbsp;&nbsp;&nbsp;&nbsp;&nbsp;&nbsp;6.8.-19.12.2025&nbsp;<\/p>\n\n\n\n<p>kev\u00e4tlukukausi&nbsp;&nbsp;&nbsp;&nbsp;&nbsp;&nbsp;&nbsp;&nbsp;&nbsp;&nbsp; &nbsp;&nbsp;7.1.-30.5.2026&nbsp;<\/p>\n\n\n\n<p><\/p>\n\n\n\n<p>syysloma&nbsp;&nbsp;&nbsp;&nbsp;&nbsp;&nbsp;&nbsp;&nbsp;&nbsp;&nbsp;&nbsp;&nbsp;&nbsp;&nbsp;&nbsp;&nbsp;&nbsp;&nbsp;&nbsp;&nbsp;&nbsp;&nbsp;13.10.-17.10.2025, vko 42&nbsp;<\/p>\n\n\n\n<p>joululoma&nbsp;&nbsp;&nbsp;&nbsp;&nbsp;&nbsp;&nbsp;&nbsp;&nbsp;&nbsp;&nbsp;&nbsp;&nbsp;&nbsp;&nbsp;&nbsp;&nbsp;&nbsp;&nbsp;&nbsp;&nbsp;&nbsp;22.12-06.1.2026&nbsp;<\/p>\n\n\n\n<p>talviloma&nbsp;&nbsp;&nbsp;&nbsp;&nbsp;&nbsp;&nbsp;&nbsp;&nbsp;&nbsp;&nbsp;&nbsp;&nbsp;&nbsp;&nbsp;&nbsp;&nbsp;&nbsp;&nbsp;&nbsp;&nbsp;&nbsp;&nbsp;2.3.-6.3.2026, vko 10&nbsp;<\/p>\n\n\n\n<p>p\u00e4\u00e4si\u00e4isloma &nbsp;&nbsp;&nbsp;&nbsp;&nbsp;&nbsp;&nbsp;&nbsp;&nbsp;&nbsp;&nbsp;&nbsp;&nbsp;&nbsp;&nbsp;3.4.2026-6.4.2026<\/p>\n\n\n\n<p>helatorstai&nbsp;&nbsp;&nbsp;&nbsp;&nbsp;&nbsp;&nbsp;&nbsp;&nbsp;&nbsp;&nbsp;&nbsp;&nbsp;&nbsp;&nbsp;&nbsp;&nbsp;&nbsp;&nbsp;&nbsp;14.5.2026&nbsp;&nbsp;&nbsp; <\/p>\n\n\n\n<p>Abien kouluty\u00f6 p\u00e4\u00e4ttyy &nbsp;&nbsp;&nbsp;&nbsp;2.2.2026<\/p>\n\n\n\n<p><\/p>\n\n\n\n<h2 class=\"wp-block-heading\">JAKSOT <\/h2>\n\n\n\n<ol class=\"wp-block-list\">\n<li>jakso 6.8.\u201329.9.2025&nbsp;<\/li>\n\n\n\n<li>jakso 30.9.\u201325.11.2025&nbsp;<\/li>\n\n\n\n<li>jakso 26.11.2025\u201302.02.2026&nbsp;<\/li>\n\n\n\n<li>jakso 3.2.-2.4.2026&nbsp;<\/li>\n\n\n\n<li>jakso 7.4.-29.5.2026<\/li>\n<\/ol>\n\n\n\n<h2 class=\"wp-block-heading\">Tuntikiertokaavio<\/h2>\n\n\n\n<figure class=\"wp-block-image size-large is-resized\"><a href=\"https:\/\/www.lapinlahdenlukio.fi\/WP\/wp-content\/uploads\/2023\/09\/tuntikiertokaavio.png\"><img loading=\"lazy\" decoding=\"async\" src=\"https:\/\/www.lapinlahdenlukio.fi\/WP\/wp-content\/uploads\/2023\/09\/tuntikiertokaavio-874x1024.png\" alt=\"\" class=\"wp-image-3850\" width=\"437\" height=\"512\" srcset=\"https:\/\/www.lapinlahdenlukio.fi\/WP\/wp-content\/uploads\/2023\/09\/tuntikiertokaavio-874x1024.png 874w, https:\/\/www.lapinlahdenlukio.fi\/WP\/wp-content\/uploads\/2023\/09\/tuntikiertokaavio-256x300.png 256w, https:\/\/www.lapinlahdenlukio.fi\/WP\/wp-content\/uploads\/2023\/09\/tuntikiertokaavio-768x899.png 768w, https:\/\/www.lapinlahdenlukio.fi\/WP\/wp-content\/uploads\/2023\/09\/tuntikiertokaavio-10x12.png 10w, https:\/\/www.lapinlahdenlukio.fi\/WP\/wp-content\/uploads\/2023\/09\/tuntikiertokaavio.png 917w\" sizes=\"auto, (max-width: 437px) 100vw, 437px\" \/><\/a><\/figure>\n","protected":false},"excerpt":{"rendered":"<p>TY\u00d6- JA LOMA-AJAT 25-26 syyslukukausi&nbsp;&nbsp;&nbsp;&nbsp;&nbsp;&nbsp;&nbsp;&nbsp;&nbsp;&nbsp;&nbsp;&nbsp;&nbsp;&nbsp;6.8.-19.12.2025&nbsp; kev\u00e4tlukukausi&nbsp;&nbsp;&nbsp;&nbsp;&nbsp;&nbsp;&nbsp;&nbsp;&nbsp;&nbsp; &nbsp;&nbsp;7.1.-30.5.2026&nbsp; syysloma&nbsp;&nbsp;&nbsp;&nbsp;&nbsp;&nbsp;&nbsp;&nbsp;&nbsp;&nbsp;&nbsp;&nbsp;&nbsp;&nbsp;&nbsp;&nbsp;&nbsp;&nbsp;&nbsp;&nbsp;&nbsp;&nbsp;13.10.-17.10.2025, vko 42&nbsp; joululoma&nbsp;&nbsp;&nbsp;&nbsp;&nbsp;&nbsp;&nbsp;&nbsp;&nbsp;&nbsp;&nbsp;&nbsp;&nbsp;&nbsp;&nbsp;&nbsp;&nbsp;&nbsp;&nbsp;&nbsp;&nbsp;&nbsp;22.12-06.1.2026&nbsp; talviloma&nbsp;&nbsp;&nbsp;&nbsp;&nbsp;&nbsp;&nbsp;&nbsp;&nbsp;&nbsp;&nbsp;&nbsp;&nbsp;&nbsp;&nbsp;&nbsp;&nbsp;&nbsp;&nbsp;&nbsp;&nbsp;&nbsp;&nbsp;2.3.-6.3.2026, vko 10&nbsp; p\u00e4\u00e4si\u00e4isloma &nbsp;&nbsp;&nbsp;&nbsp;&nbsp;&nbsp;&nbsp;&nbsp;&nbsp;&nbsp;&nbsp;&nbsp;&nbsp;&nbsp;&nbsp;3.4.2026-6.4.2026 helatorstai&nbsp;&nbsp;&nbsp;&nbsp;&nbsp;&nbsp;&nbsp;&nbsp;&nbsp;&nbsp;&nbsp;&nbsp;&nbsp;&nbsp;&nbsp;&nbsp;&nbsp;&nbsp;&nbsp;&nbsp;14.5.2026&nbsp;&nbsp;&nbsp; Abien kouluty\u00f6 p\u00e4\u00e4ttyy &nbsp;&nbsp;&nbsp;&nbsp;2.2.2026 JAKSOT Tuntikiertokaavio<\/p>\n","protected":false},"author":13,"featured_media":0,"parent":52,"menu_order":0,"comment_status":"closed","ping_status":"closed","template":"","meta":{"footnotes":""},"class_list":["post-1996","page","type-page","status-publish","hentry"],"_links":{"self":[{"href":"https:\/\/www.lapinlahdenlukio.fi\/WP\/index.php?rest_route=\/wp\/v2\/pages\/1996","targetHints":{"allow":["GET"]}}],"collection":[{"href":"https:\/\/www.lapinlahdenlukio.fi\/WP\/index.php?rest_route=\/wp\/v2\/pages"}],"about":[{"href":"https:\/\/www.lapinlahdenlukio.fi\/WP\/index.php?rest_route=\/wp\/v2\/types\/page"}],"author":[{"embeddable":true,"href":"https:\/\/www.lapinlahdenlukio.fi\/WP\/index.php?rest_route=\/wp\/v2\/users\/13"}],"replies":[{"embeddable":true,"href":"https:\/\/www.lapinlahdenlukio.fi\/WP\/index.php?rest_route=%2Fwp%2Fv2%2Fcomments&post=1996"}],"version-history":[{"count":25,"href":"https:\/\/www.lapinlahdenlukio.fi\/WP\/index.php?rest_route=\/wp\/v2\/pages\/1996\/revisions"}],"predecessor-version":[{"id":4310,"href":"https:\/\/www.lapinlahdenlukio.fi\/WP\/index.php?rest_route=\/wp\/v2\/pages\/1996\/revisions\/4310"}],"up":[{"embeddable":true,"href":"https:\/\/www.lapinlahdenlukio.fi\/WP\/index.php?rest_route=\/wp\/v2\/pages\/52"}],"wp:attachment":[{"href":"https:\/\/www.lapinlahdenlukio.fi\/WP\/index.php?rest_route=%2Fwp%2Fv2%2Fmedia&parent=1996"}],"curies":[{"name":"wp","href":"https:\/\/api.w.org\/{rel}","templated":true}]}}