{"id":1793,"date":"2018-06-14T12:44:15","date_gmt":"2018-06-14T09:44:15","guid":{"rendered":"http:\/\/www.lapinlahdenlukio.fi\/WP\/?page_id=1793"},"modified":"2026-02-12T10:40:10","modified_gmt":"2026-02-12T07:40:10","slug":"opiskelijahyvinvointi","status":"publish","type":"page","link":"https:\/\/www.lapinlahdenlukio.fi\/WP\/?page_id=1793","title":{"rendered":"Opiskelija&shy;hyvinvointi"},"content":{"rendered":"<p>Opiskelijahyvinvoinnin henkil\u00f6st\u00f6n ty\u00f6n perusperiaatteena on luottamuksellisuus. Voit ottaa meihin yhteytt\u00e4 puhelimitse tai Wilman kautta.<\/p>\n<p><strong>OPISKELUTERVEYDENHOITAJA<\/strong><\/p>\n<p>Opiskeluterveydenhoitaja tapaa opiskelijat terveystarkastuksen merkeiss\u00e4 1. ja 2. opiskeluvuonna. Tapaamisissa kiinnitet\u00e4\u00e4n huomiota fyysiseen, psyykkiseen ja sosiaaliseen hyvinvointiin sek\u00e4 opiskelujaksamiseen. L\u00e4\u00e4k\u00e4rin tarkastus on lukion 2. vuoden aikana.<\/p>\n<p>Terveydenhoitajaan voi olla yhteydess\u00e4 my\u00f6s ei kiireellisiss\u00e4 sairaanhoidollisissa asioissa tai ehk\u00e4isyneuvonta-asioissa. Lukiolla ollessaan opiskeluterveydenhoitaja hoitaa my\u00f6s ensiapuasioita. Opiskeluterveydenhoitajan viikoittaiset vastaanottoajat ilmoitetaan Wilman viikkotiedotteessa.<\/p>\n<p>Koulul\u00e4\u00e4k\u00e4rin vastaanotto on kaksi kertaa kuukaudessa. Vastaanottoaikoja saa varattua terveydenhoitajalta.<\/p>\n<p><strong>Terveydenhoitajalle voit varata ajan esim. Wilma-viestill\u00e4 tai puhelimitse. Terveydenhoitajan kanssa voit tulla juttelemaan my\u00f6s avoimilla vastaanottoajoilla sek\u00e4 aina oven ollessa auki. Tervetuloa!<\/strong><\/p>\n<p><strong>Laura Kauppinen, opiskeluterveydenhoitaja<\/strong><br \/>Puh. 040 488 3331<br \/>Wilma-viestill\u00e4 voi olla yhteydess\u00e4<\/p>\n<p><strong>KOULUKURAATTORI<\/strong><\/p>\n<p>Koulukuraattori tarjoaa tukea sosiaalisiin suhteisiin, vapaa-aikaan, asumiseen ja el\u00e4m\u00e4nhallintaan liittyviss\u00e4 asioissa. Koulukuraattorin ty\u00f6muotoja ovat yksil\u00f6tapaamiset opiskelijoiden kanssa sek\u00e4 ryhm\u00e4muotoinen ty\u00f6skentely.<\/p>\n<p>Koulukuraattoriin voi ottaa yhteytt\u00e4 monenlaisissa mielt\u00e4 askarruttavissa asioissa. Koulukuraattori arvioi tuen tarpeen ja mahdollisen tukimuodon yhdess\u00e4 opiskelijan kanssa.<br \/><br \/>Anniina K\u00e4rkk\u00e4inen<br \/>Puh. 040 516 3076<br \/>Wilma-viestill\u00e4 voi olla yhteydess\u00e4<\/p>\n<p><strong>KOULUPSYKOLOGI<\/strong><\/p>\n<p>Leea Myllyaho<br \/>044 4611149<br \/>Wilma-viestill\u00e4 voi olla yhteydess\u00e4<\/p>\n<p><strong>OPISKELUHUOLLON ULKOPUOLISET TUKIPALVELUT<\/strong><\/p>\n<p><strong>Nuortenryhm\u00e4<\/strong><\/p>\n<p>Mielialaan liittyviss\u00e4 pulmissa tukea on saatavilla Lapinlahden perhe- ja mielenterveysneuvolan Nuortenryhm\u00e4st\u00e4.<\/p>\n\n\n<p><\/p>\n","protected":false},"excerpt":{"rendered":"<p>Opiskelijahyvinvoinnin henkil\u00f6st\u00f6n ty\u00f6n perusperiaatteena on luottamuksellisuus. Voit ottaa meihin yhteytt\u00e4 puhelimitse tai Wilman kautta. OPISKELUTERVEYDENHOITAJA Opiskeluterveydenhoitaja tapaa opiskelijat terveystarkastuksen merkeiss\u00e4 1. ja 2. opiskeluvuonna. Tapaamisissa kiinnitet\u00e4\u00e4n huomiota fyysiseen, psyykkiseen ja sosiaaliseen hyvinvointiin sek\u00e4 opiskelujaksamiseen. L\u00e4\u00e4k\u00e4rin tarkastus on lukion 2. vuoden aikana. Terveydenhoitajaan voi olla yhteydess\u00e4 my\u00f6s ei kiireellisiss\u00e4 sairaanhoidollisissa asioissa tai ehk\u00e4isyneuvonta-asioissa. Lukiolla ollessaan opiskeluterveydenhoitaja &hellip; <\/p>\n<p class=\"link-more\"><a href=\"https:\/\/www.lapinlahdenlukio.fi\/WP\/?page_id=1793\" class=\"more-link\">Read more<span class=\"screen-reader-text\"> &#8220;Opiskelija&shy;hyvinvointi&#8221;<\/span><\/a><\/p>\n","protected":false},"author":13,"featured_media":0,"parent":52,"menu_order":0,"comment_status":"closed","ping_status":"closed","template":"","meta":{"footnotes":""},"class_list":["post-1793","page","type-page","status-publish","hentry"],"_links":{"self":[{"href":"https:\/\/www.lapinlahdenlukio.fi\/WP\/index.php?rest_route=\/wp\/v2\/pages\/1793","targetHints":{"allow":["GET"]}}],"collection":[{"href":"https:\/\/www.lapinlahdenlukio.fi\/WP\/index.php?rest_route=\/wp\/v2\/pages"}],"about":[{"href":"https:\/\/www.lapinlahdenlukio.fi\/WP\/index.php?rest_route=\/wp\/v2\/types\/page"}],"author":[{"embeddable":true,"href":"https:\/\/www.lapinlahdenlukio.fi\/WP\/index.php?rest_route=\/wp\/v2\/users\/13"}],"replies":[{"embeddable":true,"href":"https:\/\/www.lapinlahdenlukio.fi\/WP\/index.php?rest_route=%2Fwp%2Fv2%2Fcomments&post=1793"}],"version-history":[{"count":38,"href":"https:\/\/www.lapinlahdenlukio.fi\/WP\/index.php?rest_route=\/wp\/v2\/pages\/1793\/revisions"}],"predecessor-version":[{"id":4471,"href":"https:\/\/www.lapinlahdenlukio.fi\/WP\/index.php?rest_route=\/wp\/v2\/pages\/1793\/revisions\/4471"}],"up":[{"embeddable":true,"href":"https:\/\/www.lapinlahdenlukio.fi\/WP\/index.php?rest_route=\/wp\/v2\/pages\/52"}],"wp:attachment":[{"href":"https:\/\/www.lapinlahdenlukio.fi\/WP\/index.php?rest_route=%2Fwp%2Fv2%2Fmedia&parent=1793"}],"curies":[{"name":"wp","href":"https:\/\/api.w.org\/{rel}","templated":true}]}}