{"id":1725,"date":"2017-11-17T16:48:02","date_gmt":"2017-11-17T13:48:02","guid":{"rendered":"http:\/\/www.lapinlahdenlukio.fi\/WP\/?page_id=1725"},"modified":"2026-03-30T09:24:35","modified_gmt":"2026-03-30T06:24:35","slug":"kurssisisallot","status":"publish","type":"page","link":"https:\/\/www.lapinlahdenlukio.fi\/WP\/?page_id=1725","title":{"rendered":"Opintojaksojen sis\u00e4ll\u00f6t"},"content":{"rendered":"\n<h2 class=\"wp-block-heading\">Lukion opintojaksot <\/h2>\n\n\n\n<p>Voit tutustua lukiomme opintojaksoihin.<br>Klikkaamalla oppiaineen nime\u00e4, p\u00e4\u00e4set k\u00e4tev\u00e4sti kyseisen oppiaineen opintojaksoihin.<\/p>\n\n\n\n<div class=\"wp-block-columns is-layout-flex wp-container-core-columns-is-layout-9d6595d7 wp-block-columns-is-layout-flex\">\n<div class=\"wp-block-column is-layout-flow wp-block-column-is-layout-flow\" style=\"flex-basis:100%\">\n<div data-wp-interactive=\"core\/file\" class=\"wp-block-file\"><object data-wp-bind--hidden=\"!state.hasPdfPreview\" hidden class=\"wp-block-file__embed\" data=\"https:\/\/www.lapinlahdenlukio.fi\/WP\/wp-content\/uploads\/2026\/03\/opintojaksokuvaukset2026-27-1.pdf\" type=\"application\/pdf\" style=\"width:100%;height:600px\" aria-label=\"Tiedoston opintojaksokuvaukset2026-27 upotus.\"><\/object><a id=\"wp-block-file--media-6bacfe86-b62e-48e8-916e-ac3a8f03b834\" href=\"https:\/\/www.lapinlahdenlukio.fi\/WP\/wp-content\/uploads\/2026\/03\/opintojaksokuvaukset2026-27-1.pdf\">opintojaksokuvaukset2026-27<\/a><a href=\"https:\/\/www.lapinlahdenlukio.fi\/WP\/wp-content\/uploads\/2026\/03\/opintojaksokuvaukset2026-27-1.pdf\" class=\"wp-block-file__button wp-element-button\" download aria-describedby=\"wp-block-file--media-6bacfe86-b62e-48e8-916e-ac3a8f03b834\">Lataa<\/a><\/div>\n<\/div>\n<\/div>\n\n\n\n<p><\/p>\n","protected":false},"excerpt":{"rendered":"<p>Lukion opintojaksot Voit tutustua lukiomme opintojaksoihin.Klikkaamalla oppiaineen nime\u00e4, p\u00e4\u00e4set k\u00e4tev\u00e4sti kyseisen oppiaineen opintojaksoihin.<\/p>\n","protected":false},"author":13,"featured_media":0,"parent":52,"menu_order":0,"comment_status":"closed","ping_status":"closed","template":"","meta":{"footnotes":""},"class_list":["post-1725","page","type-page","status-publish","hentry"],"_links":{"self":[{"href":"https:\/\/www.lapinlahdenlukio.fi\/WP\/index.php?rest_route=\/wp\/v2\/pages\/1725","targetHints":{"allow":["GET"]}}],"collection":[{"href":"https:\/\/www.lapinlahdenlukio.fi\/WP\/index.php?rest_route=\/wp\/v2\/pages"}],"about":[{"href":"https:\/\/www.lapinlahdenlukio.fi\/WP\/index.php?rest_route=\/wp\/v2\/types\/page"}],"author":[{"embeddable":true,"href":"https:\/\/www.lapinlahdenlukio.fi\/WP\/index.php?rest_route=\/wp\/v2\/users\/13"}],"replies":[{"embeddable":true,"href":"https:\/\/www.lapinlahdenlukio.fi\/WP\/index.php?rest_route=%2Fwp%2Fv2%2Fcomments&post=1725"}],"version-history":[{"count":34,"href":"https:\/\/www.lapinlahdenlukio.fi\/WP\/index.php?rest_route=\/wp\/v2\/pages\/1725\/revisions"}],"predecessor-version":[{"id":4494,"href":"https:\/\/www.lapinlahdenlukio.fi\/WP\/index.php?rest_route=\/wp\/v2\/pages\/1725\/revisions\/4494"}],"up":[{"embeddable":true,"href":"https:\/\/www.lapinlahdenlukio.fi\/WP\/index.php?rest_route=\/wp\/v2\/pages\/52"}],"wp:attachment":[{"href":"https:\/\/www.lapinlahdenlukio.fi\/WP\/index.php?rest_route=%2Fwp%2Fv2%2Fmedia&parent=1725"}],"curies":[{"name":"wp","href":"https:\/\/api.w.org\/{rel}","templated":true}]}}