{"id":125,"date":"2014-10-01T10:16:06","date_gmt":"2014-10-01T10:16:06","guid":{"rendered":"http:\/\/localhost:8080\/?page_id=125"},"modified":"2026-03-18T15:12:59","modified_gmt":"2026-03-18T12:12:59","slug":"sporttilinja","status":"publish","type":"page","link":"https:\/\/www.lapinlahdenlukio.fi\/WP\/?page_id=125","title":{"rendered":"Urheilu\u00advalmennus ja kaksoistutkinto"},"content":{"rendered":"\n<h2 class=\"wp-block-heading\">Urheiluvalmennus<\/h2>\n\n\n\n<p><strong>URHEILUVALMENNUSOPINTOJAKSOT LI10-16 (yht. 12 op)&nbsp;<\/strong><\/p>\n\n\n\n<p>Urheiluvalmennus on tarkoitettu opiskelijoille, jotka harrastavat kilpaurheilua. Vapaa-ajan urheiluvalmentautuminen hyv\u00e4ksyt\u00e4\u00e4n lukion opinnoiksi, ja siit\u00e4 on mahdollista saada hyv\u00e4ksiluetuksi 12 opintopistett\u00e4.&nbsp;<\/p>\n\n\n\n<p>Urheiluvalmennuksen tavoitteena on opiskelun ja kilpaurheilun yhteensovittaminen. Lis\u00e4ksi haluamme lis\u00e4t\u00e4 lukion ja urheiluseurojen v\u00e4list\u00e4 yhteisty\u00f6t\u00e4. Urheiluvalmennusopintojaksot ovat liikunnan valinnaisia opintoja, jotka arvioidaan suoritusmerkinn\u00e4ll\u00e4.&nbsp; Yhden opintojakson suorittaminen edellytt\u00e4\u00e4 v\u00e4hint\u00e4\u00e4n 30 tunnin valmentautumista. Opiskelijan tulee pit\u00e4\u00e4 harjoitusp\u00e4iv\u00e4kirjaa, jonka sis\u00e4ll\u00f6n valmentaja varmentaa.&nbsp;<\/p>\n\n\n\n<p>P\u00e4\u00e4sykriteerit&nbsp;<\/p>\n\n\n\n<p>\u2013 Opiskelija on urheiluseuran ohjatussa valmennuksessa ja h\u00e4n on sitoutunut valmennukseen.&nbsp;<br>\u2013 Opiskelijalla on valmentajan laatima harjoitusohjelma, joka vastaa keskeisilt\u00e4 tavoitteilta ja sis\u00e4ll\u00f6ilt\u00e4 urheiluvalmennusopintojaksojen sis\u00e4lt\u00f6j\u00e4.&nbsp;<br>\u2013 Valmentaja sitoutuu seuraamaan harjoitusohjelman toteutumista.&nbsp;<br>\u2013 Opiskelija osallistuu kilpailutoimintaan v\u00e4hint\u00e4\u00e4n alueellisella tasolla.&nbsp;<\/p>\n\n\n\n<p>HAKEMINEN URHEILUVALMENNUKSEEN&nbsp;<\/p>\n\n\n\n<p>Urheiluvalmennukseen hakeudutaan&nbsp;j\u00e4tt\u00e4m\u00e4ll\u00e4 hakemus rehtorille. Hakemuslomakkeita saa kansliasta tai itse tulostettavaksi&nbsp;<a href=\"https:\/\/www.lapinlahdenlukio.fi\/WP\/wp-content\/uploads\/2021\/03\/sporttilinjahakemus.pdf\">t\u00e4st\u00e4<\/a>. Valmennukseen hyv\u00e4ksytty opiskelija saa liikunnanopettajalta ohjeet opintojaksojen suorittamiseen.&nbsp;<\/p>\n\n\n\n<h2 class=\"wp-block-heading\">Kaksoistutkinto <\/h2>\n\n\n\n<p>Lukiossamme on mahdollista suorittaa kaksoistutkinto, jossa yhdist\u00e4t lukio-opinnot ja ammatilliset opinnot.<br>P\u00e4\u00e4koulu voi olla joko lukio tai ammatillinen oppilaitos.<br><br>Lukiomme tarjoaa kaksoistutkinto yhteysty\u00f6t\u00e4:<br><br>Yl\u00e4-Savon ammattiopisto eli <a href=\"https:\/\/ysao.fi\/hakijalle\/mahis\/\" data-type=\"URL\" data-id=\"https:\/\/ysao.fi\/hakijalle\/mahis\/\" target=\"_blank\" rel=\"noreferrer noopener\">YSAO<\/a><br>Savon ammattiopisto eli SAKKY Iisalmen toimipiste<br><a href=\"https:\/\/ingmanedu.fi\/\" data-type=\"URL\" data-id=\"https:\/\/ingmanedu.fi\/\" target=\"_blank\" rel=\"noreferrer noopener\">Ingmanedu<\/a><br><br>Lis\u00e4tietoa kaksoistutkinnosta Riitta-opolta 040 488 3241 tai MAHIS-opolta Ysao ja Sakky Jenna 040 485 5885.<\/p>\n","protected":false},"excerpt":{"rendered":"<p>Urheiluvalmennus URHEILUVALMENNUSOPINTOJAKSOT LI10-16 (yht. 12 op)&nbsp; Urheiluvalmennus on tarkoitettu opiskelijoille, jotka harrastavat kilpaurheilua. Vapaa-ajan urheiluvalmentautuminen hyv\u00e4ksyt\u00e4\u00e4n lukion opinnoiksi, ja siit\u00e4 on mahdollista saada hyv\u00e4ksiluetuksi 12 opintopistett\u00e4.&nbsp; Urheiluvalmennuksen tavoitteena on opiskelun ja kilpaurheilun yhteensovittaminen. Lis\u00e4ksi haluamme lis\u00e4t\u00e4 lukion ja urheiluseurojen v\u00e4list\u00e4 yhteisty\u00f6t\u00e4. Urheiluvalmennusopintojaksot ovat liikunnan valinnaisia opintoja, jotka arvioidaan suoritusmerkinn\u00e4ll\u00e4.&nbsp; Yhden opintojakson suorittaminen edellytt\u00e4\u00e4 v\u00e4hint\u00e4\u00e4n 30 &hellip; <\/p>\n<p class=\"link-more\"><a href=\"https:\/\/www.lapinlahdenlukio.fi\/WP\/?page_id=125\" class=\"more-link\">Read more<span class=\"screen-reader-text\"> &#8220;Urheilu\u00advalmennus ja kaksoistutkinto&#8221;<\/span><\/a><\/p>\n","protected":false},"author":13,"featured_media":0,"parent":0,"menu_order":500,"comment_status":"closed","ping_status":"closed","template":"","meta":{"footnotes":""},"class_list":["post-125","page","type-page","status-publish","hentry"],"_links":{"self":[{"href":"https:\/\/www.lapinlahdenlukio.fi\/WP\/index.php?rest_route=\/wp\/v2\/pages\/125","targetHints":{"allow":["GET"]}}],"collection":[{"href":"https:\/\/www.lapinlahdenlukio.fi\/WP\/index.php?rest_route=\/wp\/v2\/pages"}],"about":[{"href":"https:\/\/www.lapinlahdenlukio.fi\/WP\/index.php?rest_route=\/wp\/v2\/types\/page"}],"author":[{"embeddable":true,"href":"https:\/\/www.lapinlahdenlukio.fi\/WP\/index.php?rest_route=\/wp\/v2\/users\/13"}],"replies":[{"embeddable":true,"href":"https:\/\/www.lapinlahdenlukio.fi\/WP\/index.php?rest_route=%2Fwp%2Fv2%2Fcomments&post=125"}],"version-history":[{"count":36,"href":"https:\/\/www.lapinlahdenlukio.fi\/WP\/index.php?rest_route=\/wp\/v2\/pages\/125\/revisions"}],"predecessor-version":[{"id":4484,"href":"https:\/\/www.lapinlahdenlukio.fi\/WP\/index.php?rest_route=\/wp\/v2\/pages\/125\/revisions\/4484"}],"wp:attachment":[{"href":"https:\/\/www.lapinlahdenlukio.fi\/WP\/index.php?rest_route=%2Fwp%2Fv2%2Fmedia&parent=125"}],"curies":[{"name":"wp","href":"https:\/\/api.w.org\/{rel}","templated":true}]}}